{"id":16,"date":"2013-07-16T00:38:20","date_gmt":"2013-07-16T00:38:20","guid":{"rendered":"http:\/\/countrysitespain.internationalcoachingcommunity.com\/?page_id=16"},"modified":"2014-06-25T15:50:35","modified_gmt":"2014-06-25T15:50:35","slug":"certificaciones","status":"publish","type":"page","link":"https:\/\/countrysitespain.internationalcoachingcommunity.com\/certificaciones\/","title":{"rendered":"Certificaciones"},"content":{"rendered":"<p>[vc_row][vc_column width=&#8221;2\/3&#8243;][vc_column_text]<\/p>\n<p dir=\"ltr\">CERTIFICACIONES<\/p>\n<p><b><b>\u00a0<\/b><\/b><\/p>\n<p dir=\"ltr\">PRESENTACI\u00d3N<\/p>\n<p dir=\"ltr\">Avance Cursos<\/p>\n<ol>\n<li dir=\"ltr\">\n<p dir=\"ltr\">Certificaci\u00f3n internacional de coaching ICC<\/p>\n<\/li>\n<li dir=\"ltr\">\n<p dir=\"ltr\">Certificaci\u00f3n internacional de coaching de equipos ICC<\/p>\n<\/li>\n<li dir=\"ltr\">\n<p dir=\"ltr\">Otros<\/p>\n<\/li>\n<\/ol>\n<p><b><b>\u00a0<\/b><\/b><\/p>\n<p dir=\"ltr\">1. ICC certificado<\/p>\n<p dir=\"ltr\">La International Coaching Community es una de las redes de Coaches m\u00e1s grandes en el mundo. Hemos entrenado a m\u00e1s de 8000 coaches en 60 pa\u00edses.<\/p>\n<p><b><b>\u00a0<\/b><\/b><\/p>\n<p dir=\"ltr\">La Certificaci\u00f3n Internacional en Coaching por la ICC ha recibido recientemente el reconocimiento EQA (European Quality Award) de la EMCC, lo que avala tanto nuestro m\u00e9todo como las caracter\u00edsticas de nuestro curso.<\/p>\n<p><b><b>\u00a0<\/b><\/b><\/p>\n<p dir=\"ltr\">Certificaci\u00f3n internacional oficial y la oportunidad de ser un pionero y formar parte de una red de coaches en crecimiento constante. Garant\u00eda de entrenamiento de alta calidad<\/p>\n<p><b><b>\u00a0<\/b><\/b><\/p>\n<p dir=\"ltr\">2. Profesores<\/p>\n<p><b><b>\u00a0<\/b><\/b><\/p>\n<p dir=\"ltr\">Joseph O\u00b4Connor es uno de los entrenadores de coaching y PNL m\u00e1s conocidos y respetados del mundo. Co-fundador de ICC y escritor de bestsellers. \u00a0Ver su ficha<\/p>\n<p><b><b>\u00a0<\/b><\/b><\/p>\n<p dir=\"ltr\">Andrea Lages es una de las trainers de coaching m\u00e1s respetadas del mundo. Ella imparti\u00f3<\/p>\n<p dir=\"ltr\">entrenamientos, inclusive la Certificaci\u00f3n Internacional en Coaching, para personas de m\u00e1s de 30 pa\u00edses. Ver su ficha<\/p>\n<p><b><b>\u00a0<\/b><\/b><\/p>\n<p dir=\"ltr\">Daniel Alvarez Lamas es Trainer oficial de la ICC en Espa\u00f1a. Experto en PNL. Prestigioso coach de directivos. Editor del Observatorio Europeo del Coaching. Ver su ficha<\/p>\n<p><b><b>\u00a0<\/b><\/b><\/p>\n<p dir=\"ltr\">Alexandra Lemos es Trainer oficial de la ICC en Portugal. Experta en formaci\u00f3n de Desarrollo Personal, Liderazgo, Negociaci\u00f3n y Trabajo en Equipo. Ver su ficha<\/p>\n<p><b><b>\u00a0<\/b><\/b><\/p>\n<p dir=\"ltr\">3. Metodolog\u00eda<\/p>\n<p><b><b>\u00a0<\/b><\/b><\/p>\n<p dir=\"ltr\">Nuestra formaci\u00f3n de calidad en coaching est\u00e1 apoyada en 10 pilares que han garantizado el \u00e9xito en miles de alumnos de todo el mundo. Un insuperable manual del curso de 120 p\u00e1ginas escrito por Joseph O\u00b4Connor y Andrea Lages, autores de los libros \u201cCoaching con PNL\u201d y<\/p>\n<p dir=\"ltr\">\u201cHow Coaching Works\u201d recomendado a recibir el premio \u201cBest Business Book of the year 2007\u201d del diario ingl\u00e9s Financial Times, uno de los premios m\u00e1s importantes del \u00e1rea.<\/p>\n<p><b><b>\u00a0<\/b><\/b><\/p>\n<p dir=\"ltr\">En todo momento el alumno se siente respaldado con una atenci\u00f3n individualizada en su proyecto de coaching individual.<\/p>\n<p><b><b>\u00a0<\/b><\/b><\/p>\n<p dir=\"ltr\">Nuestros cursos de Certificaci\u00f3n incluyen un n\u00famero alt\u00edsimo de horas de pr\u00e1cticas facilitando as\u00ed el aprendizaje natural y sin esfuerzo.<\/p>\n<p><b><b>\u00a0<\/b><\/b><\/p>\n<p dir=\"ltr\">4. Testimonios<\/p>\n<p dir=\"ltr\">(Videos)<\/p>\n<p><b><b>\u00a0<\/b><\/b><\/p>\n<p dir=\"ltr\">5. Campus virtual<\/p>\n<p dir=\"ltr\">Acceso a una de las m\u00e1s grandes redes sociales para coaches profesionales a trav\u00e9s del Campus Social de ICC que le facilitar\u00e1:<\/p>\n<p><b><b>\u00a0<\/b><\/b><\/p>\n<ol>\n<li dir=\"ltr\">\n<p dir=\"ltr\">Acceder a una librer\u00eda multimedia sobre Coaching con videos, documentos y archivos \u00a0de audio<\/p>\n<\/li>\n<li dir=\"ltr\">\n<p dir=\"ltr\">Participar en foros y grupos de trabajo con especialistas para compartir experiencias con otros miembros de la comunidad<\/p>\n<\/li>\n<li dir=\"ltr\">\n<p dir=\"ltr\">Publicar su CV y presentaci\u00f3n profesional<\/p>\n<\/li>\n<\/ol>\n<p><b><b>\u00a0<\/b><\/b><\/p>\n<p dir=\"ltr\">6. Salidas profesionales<\/p>\n<p dir=\"ltr\">Su Curriculum Vitae estar\u00e1 en una lista del sitio web de ICC para referencia de los clientes que<\/p>\n<p dir=\"ltr\">necesiten los servicios de un coach en su pa\u00eds y ciudad, d\u00e1ndole la credibilidad y profesionalidad de pertenecer a una Certificadora Internacional.<\/p>\n<p>[\/vc_column_text][\/vc_column][vc_column width=&#8221;1\/3&#8243;][vc_video link=&#8221;http:\/\/youtu.be\/6ILQrUrEWe8&#8243;][\/vc_column][\/vc_row]<\/p>\n","protected":false},"excerpt":{"rendered":"<p>[vc_row][vc_column width=&#8221;2\/3&#8243;][vc_column_text] CERTIFICACIONES \u00a0 PRESENTACI\u00d3N Avance Cursos Certificaci\u00f3n internacional de coaching ICC Certificaci\u00f3n internacional de coaching de equipos ICC Otros \u00a0 1. ICC certificado La International Coaching Community es una de las redes de Coaches m\u00e1s grandes en el mundo. Hemos entrenado a m\u00e1s de 8000 coaches en 60 pa\u00edses. \u00a0 La Certificaci\u00f3n Internacional en [&hellip;]<\/p>\n","protected":false},"author":1,"featured_media":0,"parent":0,"menu_order":0,"comment_status":"closed","ping_status":"closed","template":"","meta":{"_acf_changed":false,"_et_pb_use_builder":"","_et_pb_old_content":"","_et_gb_content_width":"","footnotes":""},"class_list":["post-16","page","type-page","status-publish","hentry"],"acf":[],"_links":{"self":[{"href":"https:\/\/countrysitespain.internationalcoachingcommunity.com\/en\/wp-json\/wp\/v2\/pages\/16","targetHints":{"allow":["GET"]}}],"collection":[{"href":"https:\/\/countrysitespain.internationalcoachingcommunity.com\/en\/wp-json\/wp\/v2\/pages"}],"about":[{"href":"https:\/\/countrysitespain.internationalcoachingcommunity.com\/en\/wp-json\/wp\/v2\/types\/page"}],"author":[{"embeddable":true,"href":"https:\/\/countrysitespain.internationalcoachingcommunity.com\/en\/wp-json\/wp\/v2\/users\/1"}],"replies":[{"embeddable":true,"href":"https:\/\/countrysitespain.internationalcoachingcommunity.com\/en\/wp-json\/wp\/v2\/comments?post=16"}],"version-history":[{"count":3,"href":"https:\/\/countrysitespain.internationalcoachingcommunity.com\/en\/wp-json\/wp\/v2\/pages\/16\/revisions"}],"predecessor-version":[{"id":997,"href":"https:\/\/countrysitespain.internationalcoachingcommunity.com\/en\/wp-json\/wp\/v2\/pages\/16\/revisions\/997"}],"wp:attachment":[{"href":"https:\/\/countrysitespain.internationalcoachingcommunity.com\/en\/wp-json\/wp\/v2\/media?parent=16"}],"curies":[{"name":"wp","href":"https:\/\/api.w.org\/{rel}","templated":true}]}}