{"id":1760,"date":"2017-02-27T14:15:29","date_gmt":"2017-02-27T14:15:29","guid":{"rendered":"http:\/\/countrysitespain.internationalcoachingcommunity.com\/?page_id=1760"},"modified":"2017-02-27T14:47:51","modified_gmt":"2017-02-27T14:47:51","slug":"cursos-2","status":"publish","type":"page","link":"https:\/\/countrysitespain.internationalcoachingcommunity.com\/cursos-2\/","title":{"rendered":"Cursos"},"content":{"rendered":"<p>[vc_row][vc_column][vc_text_separator title=&#8221;Formaciones Online&#8221;][\/vc_column][\/vc_row][vc_row][vc_column width=&#8221;1\/2&#8243;][vc_column_text]<\/p>\n<h2><a href=\"http:\/\/benpensante.com\/portfolio\/curso-online-iniciacion-al-coaching-5\/\"><strong>Iniciaci\u00f3n al Coaching Online<\/strong><\/a><\/h2>\n<p><span style=\"color: #000000;\">Sabemos que es necesario un primer paso antes de decidir si la metodolog\u00eda del Coaching es lo que est\u00e1s buscando. Para eso, ponemos a tu disposici\u00f3n la formaci\u00f3n Online de Iniciaci\u00f3n al Coaching.<\/span><\/p>\n<p><span style=\"color: #000000;\">Se trata de una formaci\u00f3n pr\u00e1ctica basada en la metodolog\u00eda de ICC, en la que aprender\u00e1s los aspectos m\u00e1s importantes del coaching y de sus sesiones.<\/span><\/p>\n<p><span style=\"color: #000000;\">Con los casos reales, webinar y materiales adicionales aprender\u00e1s a realizar una sesi\u00f3n de coaching b\u00e1sica y c\u00f3mo puedes incorporar varias de sus herramientas en tu d\u00eda a d\u00eda, comenzando por ti mismo.<\/span><\/p>\n<p><strong>Imparte<\/strong>: Daniel \u00c1lvarez Lamas (Trainer ICC Espa\u00f1a)<\/p>\n<p><strong>Duraci\u00f3n<\/strong>: 24 horas<\/p>\n<p><strong>Precio<\/strong>: 50\u20ac<\/p>\n<p><a href=\"http:\/\/benpensante.com\/portfolio\/curso-online-iniciacion-al-coaching-5\/\">M\u00e1s info en Instituto Ben Pensante<\/a>[\/vc_column_text][vc_column_text]<a href=\"http:\/\/benpensante.com\/portfolio\/curso-online-iniciacion-al-coaching-5\/\"><br \/>\n<img decoding=\"async\" src=\"http:\/\/countrysitespain.internationalcoachingcommunity.com\/wp-content\/uploads\/2017\/02\/Captura-de-pantalla-2017-02-27-a-las-15.25.14.png\" \/><br \/>\n<\/a><br \/>\n[\/vc_column_text][\/vc_column][vc_column width=&#8221;1\/2&#8243;][vc_column_text]<\/p>\n<h2><a href=\"http:\/\/benpensante.com\/portfolio\/curso-online-mental-training\/\"><strong>Mental Training Online<\/strong><\/a><\/h2>\n<p>&nbsp;<\/p>\n<p><span style=\"color: #000000;\">\u00danica formaci\u00f3n online en espa\u00f1ol de\u00a0Lars Eric Unest\u00e5hl\u00a0sobre entrenamiento mental.<\/span><\/p>\n<p><span style=\"color: #000000;\">La formaci\u00f3n se compone de\u00a05 m\u00f3dulos, y cada uno contiene grabaciones, lecturas y tareas.<\/span><\/p>\n<p><span style=\"color: #000000;\">Aprender\u00e1s t\u00e9cnicas eficaces de relajaci\u00f3n muscular y mental,\u00a0aumentar\u00e1s tu autoestima y confianza, aprender\u00e1s a sumergirte en un estado interior mental en el que encontrar todos tus recursos cuando los necesites, y disminuir\u00e1s tu tensi\u00f3n diaria relajando tu cuerpo de una manera eficaz.<\/span><\/p>\n<p><strong>Imparte<\/strong>:\u00a0Lars Eric Unestahl (Trainer ICC Suecia)<\/p>\n<p><strong>Duraci\u00f3n<\/strong>: 12 horas<\/p>\n<p><strong>Precio<\/strong>: 50\u20ac<\/p>\n<p><a href=\"http:\/\/benpensante.com\/portfolio\/curso-online-mental-training\/\">M\u00e1s info en Instituto Ben Pensante<\/a>[\/vc_column_text][vc_column_text]<a href=\"http:\/\/benpensante.com\/portfolio\/curso-online-mental-training\/\"><br \/>\n<img decoding=\"async\" src=\"http:\/\/countrysitespain.internationalcoachingcommunity.com\/wp-content\/uploads\/2017\/02\/Captura-de-pantalla-2017-02-27-a-las-15.25.14.png\" \/><br \/>\n<\/a>[\/vc_column_text][\/vc_column][\/vc_row][vc_row][vc_column][vc_empty_space height=&#8221;40px&#8221;][vc_text_separator title=&#8221;Formaciones presenciales&#8221;][vc_empty_space height=&#8221;40px&#8221;][\/vc_column][\/vc_row][vc_row][vc_column width=&#8221;1\/2&#8243;][vc_column_text]<\/p>\n<h2><strong>Coaching con PNL\u00a0<\/strong><\/h2>\n<p>La\u00a0Programaci\u00f3n Neuro \u2013 Ling\u00fc\u00edstica\u00a0es un conjunto de m\u00e9todos,\u00a0t\u00e9cnicas y\u00a0herramientas destinadas a ser aplicadas en el desarrollo de las habilidades personales, para ayudar a otros y a ti mismo a conseguir sus objetivos y aumentar su bienestar personal.<\/p>\n<p>El\u00a0Coaching\u00a0es una metodolog\u00eda que facilita que una persona especifique sus objetivos, y los cumpla a trav\u00e9s de un proceso en el que se desarrollan sus capacidades, facilitando su propio desarrollo personal.<\/p>\n<p>\u00bfY el Coaching con PNL?<\/p>\n<p>Juntas, estas disciplinas se vuelven todav\u00eda m\u00e1s poderosas. Juntas te permiten comprender c\u00f3mo los dem\u00e1s est\u00e1n percibiendo el mundo y c\u00f3mo puedes ayudarles a transformarlo\u2026 siempre que quieran.<\/p>\n<p><strong>Imparten<\/strong>: Daniel \u00c1lvarez Lamas y Marcela Parga Fern\u00e1ndez (Trainers ICC Espa\u00f1a)<\/p>\n<p><strong>Ediciones<\/strong>:\u00a0Coru\u00f1a &#8211; Santiago de Compostela<\/p>\n<p><strong>Precio<\/strong>: 150\u20ac \/\u00a0180\u20ac (Consulta descuentos)<\/p>\n<p><a href=\"http:\/\/benpensante.com\/eventos-instituto-ben-pensante\/\">Consulta las pr\u00f3ximas\u00a0fechas disponibles<\/a>[\/vc_column_text][\/vc_column][vc_column width=&#8221;1\/2&#8243;][vc_column_text]<\/p>\n<h2><strong>Coaching 4 Evolutions<\/strong><\/h2>\n<p>&nbsp;<\/p>\n<p style=\"text-align: left;\">\u00bfSab\u00edas que desde el punto de vista socio-emocional, las personas pueden llegar a recorrer 5 ETAPAS?<\/p>\n<p style=\"text-align: left;\">Etapa infantil,\u00a0Instrumental,\u00a0\u2028Subordinado a la comunidad,\u00a0\u2028Autor de s\u00ed mismo\/a y\u00a0Conectado con la humanidad<\/p>\n<p style=\"text-align: left;\">De esta teor\u00eda nace COACHING 4 EVOLUTIONS:<\/p>\n<ul>\n<li style=\"text-align: left;\">\u00bfQuieres conocer en qu\u00e9 etapa est\u00e1s?<\/li>\n<li style=\"text-align: left;\">\u00bfQuieres integrar herramientas de autodesarrollo para la toma de decisiones<\/li>\n<li style=\"text-align: left;\">\u00bfQuieres adquirir una mayor conciencia de la \u201crealidad\u201d y las posibles diferencias con las de las otras personas para desarrollar la empat\u00eda?<\/li>\n<\/ul>\n<p>&nbsp;<\/p>\n<p><strong>Imparte<\/strong>:\u00a0Daniel \u00c1lvarez Lamas (Trainer ICC Espa\u00f1a)<\/p>\n<p><strong>Duraci\u00f3n<\/strong>: 12 horas<\/p>\n<p><strong>Precio<\/strong>: 150\u20ac \/ 180\u20ac (Consulta descuentos)<\/p>\n<p><a href=\"http:\/\/benpensante.com\/portfolio\/curso-online-mental-training\/\">M\u00e1s info en Instituto Ben Pensante<\/a>[\/vc_column_text][\/vc_column][\/vc_row][vc_row][vc_column][vc_column_text]<a href=\"http:\/\/benpensante.com\/eventos-instituto-ben-pensante\/\"><br \/>\n<img decoding=\"async\" class=\"aligncenter\" src=\"http:\/\/countrysitespain.internationalcoachingcommunity.com\/wp-content\/uploads\/2017\/02\/Captura-de-pantalla-2017-02-27-a-las-15.44.54.png\" \/><br \/>\n<\/a>[\/vc_column_text][\/vc_column][\/vc_row]<\/p>\n","protected":false},"excerpt":{"rendered":"<p>[vc_row][vc_column][vc_text_separator title=&#8221;Formaciones Online&#8221;][\/vc_column][\/vc_row][vc_row][vc_column width=&#8221;1\/2&#8243;][vc_column_text] Iniciaci\u00f3n al Coaching Online Sabemos que es necesario un primer paso antes de decidir si la metodolog\u00eda del Coaching es lo que est\u00e1s buscando. Para eso, ponemos a tu disposici\u00f3n la formaci\u00f3n Online de Iniciaci\u00f3n al Coaching. Se trata de una formaci\u00f3n pr\u00e1ctica basada en la metodolog\u00eda de ICC, en la [&hellip;]<\/p>\n","protected":false},"author":2,"featured_media":0,"parent":0,"menu_order":0,"comment_status":"closed","ping_status":"closed","template":"","meta":{"_acf_changed":false,"_et_pb_use_builder":"","_et_pb_old_content":"","_et_gb_content_width":"","footnotes":""},"class_list":["post-1760","page","type-page","status-publish","hentry"],"acf":[],"_links":{"self":[{"href":"https:\/\/countrysitespain.internationalcoachingcommunity.com\/en\/wp-json\/wp\/v2\/pages\/1760","targetHints":{"allow":["GET"]}}],"collection":[{"href":"https:\/\/countrysitespain.internationalcoachingcommunity.com\/en\/wp-json\/wp\/v2\/pages"}],"about":[{"href":"https:\/\/countrysitespain.internationalcoachingcommunity.com\/en\/wp-json\/wp\/v2\/types\/page"}],"author":[{"embeddable":true,"href":"https:\/\/countrysitespain.internationalcoachingcommunity.com\/en\/wp-json\/wp\/v2\/users\/2"}],"replies":[{"embeddable":true,"href":"https:\/\/countrysitespain.internationalcoachingcommunity.com\/en\/wp-json\/wp\/v2\/comments?post=1760"}],"version-history":[{"count":6,"href":"https:\/\/countrysitespain.internationalcoachingcommunity.com\/en\/wp-json\/wp\/v2\/pages\/1760\/revisions"}],"predecessor-version":[{"id":1768,"href":"https:\/\/countrysitespain.internationalcoachingcommunity.com\/en\/wp-json\/wp\/v2\/pages\/1760\/revisions\/1768"}],"wp:attachment":[{"href":"https:\/\/countrysitespain.internationalcoachingcommunity.com\/en\/wp-json\/wp\/v2\/media?parent=1760"}],"curies":[{"name":"wp","href":"https:\/\/api.w.org\/{rel}","templated":true}]}}