{"id":31,"date":"2013-07-16T14:43:50","date_gmt":"2013-07-16T14:43:50","guid":{"rendered":"http:\/\/countrysitespain.internationalcoachingcommunity.com\/?page_id=31"},"modified":"2013-07-16T19:50:04","modified_gmt":"2013-07-16T19:50:04","slug":"observatorio-europeo-del-coaching","status":"publish","type":"page","link":"https:\/\/countrysitespain.internationalcoachingcommunity.com\/observatorio-europeo-del-coaching\/","title":{"rendered":"Observatorio Europeo del Coaching"},"content":{"rendered":"<p dir=\"ltr\">El Observatorio Europeo del Coaching es un espacio de encuentro y difusi\u00f3n de las \u00faltimas tendencias, actividades y formaciones relacionadas con el mundo del Coaching.<\/p>\n<p dir=\"ltr\">Nuestro compromiso es el de \u201ctrabajar por el bienestar y rendimiento de las personas\u201d. El coaching es la disciplina que mejor puede capitanear este enfoque, tanto a nivel personal como profesional.<\/p>\n<p dir=\"ltr\">Destacados profesionales del sector comparten sus puntos de vista en torno a esta disciplina,<\/p>\n<p dir=\"ltr\">escribiendo sus experiencias en el coaching personal, de empresas, equipos y financiero, entre otros. Adem\u00e1s, el Observatorio es un polo de opini\u00f3n, puntos de vista y reflexiones, filtradas a partir de los mejores blog tem\u00e1ticos y noticias de actualidad.<\/p>\n<p dir=\"ltr\">Creemos que dar a conocer los beneficios del coaching, tanto a nivel personal como de empresas, es la mejor forma de que \u00e9ste vaya tomando el protagonismo que merece.<\/p>\n<p dir=\"ltr\">Si eres coach o deseas saber m\u00e1s sobre esta disciplina, tienes mucho que decir. Cualquier noticia o actividad que desees compartir, por favor env\u00edanosla a info@observatoriodelcoaching.com<\/p>\n<p dir=\"ltr\">Para los que conocemos el mundo del coaching, el actual reto es que se conozca de la forma m\u00e1s fiel. As\u00ed se har\u00e1 posible nuestro sue\u00f1o de facilitar un aumento significativo del bienestar y el rendimiento de las personas.<\/p>\n<p dir=\"ltr\">Nuestra m\u00e1s c\u00e1lida bienvenida.<\/p>\n<p><b><b>\u00a0<\/b><\/b><\/p>\n<p dir=\"ltr\">Daniel Alvarez Lamas<\/p>\n<p dir=\"ltr\">Editor del Observatorio Europeo de Coaching<\/p>\n","protected":false},"excerpt":{"rendered":"<p>El Observatorio Europeo del Coaching es un espacio de encuentro y difusi\u00f3n de las \u00faltimas tendencias, actividades y formaciones relacionadas con el mundo del Coaching. Nuestro compromiso es el de \u201ctrabajar por el bienestar y rendimiento de las personas\u201d. El coaching es la disciplina que mejor puede capitanear este enfoque, tanto a nivel personal como [&hellip;]<\/p>\n","protected":false},"author":1,"featured_media":0,"parent":0,"menu_order":0,"comment_status":"closed","ping_status":"closed","template":"","meta":{"_acf_changed":false,"_et_pb_use_builder":"","_et_pb_old_content":"","_et_gb_content_width":"","footnotes":""},"class_list":["post-31","page","type-page","status-publish","hentry"],"acf":[],"_links":{"self":[{"href":"https:\/\/countrysitespain.internationalcoachingcommunity.com\/en\/wp-json\/wp\/v2\/pages\/31","targetHints":{"allow":["GET"]}}],"collection":[{"href":"https:\/\/countrysitespain.internationalcoachingcommunity.com\/en\/wp-json\/wp\/v2\/pages"}],"about":[{"href":"https:\/\/countrysitespain.internationalcoachingcommunity.com\/en\/wp-json\/wp\/v2\/types\/page"}],"author":[{"embeddable":true,"href":"https:\/\/countrysitespain.internationalcoachingcommunity.com\/en\/wp-json\/wp\/v2\/users\/1"}],"replies":[{"embeddable":true,"href":"https:\/\/countrysitespain.internationalcoachingcommunity.com\/en\/wp-json\/wp\/v2\/comments?post=31"}],"version-history":[{"count":5,"href":"https:\/\/countrysitespain.internationalcoachingcommunity.com\/en\/wp-json\/wp\/v2\/pages\/31\/revisions"}],"predecessor-version":[{"id":77,"href":"https:\/\/countrysitespain.internationalcoachingcommunity.com\/en\/wp-json\/wp\/v2\/pages\/31\/revisions\/77"}],"wp:attachment":[{"href":"https:\/\/countrysitespain.internationalcoachingcommunity.com\/en\/wp-json\/wp\/v2\/media?parent=31"}],"curies":[{"name":"wp","href":"https:\/\/api.w.org\/{rel}","templated":true}]}}