{"id":345,"date":"2013-11-28T18:51:55","date_gmt":"2013-11-28T18:51:55","guid":{"rendered":"http:\/\/countrysitespain.internationalcoachingcommunity.com\/?page_id=345"},"modified":"2017-08-29T16:54:20","modified_gmt":"2017-08-29T16:54:20","slug":"metodologia","status":"publish","type":"page","link":"https:\/\/countrysitespain.internationalcoachingcommunity.com\/metodologia\/","title":{"rendered":"Metodolog\u00eda"},"content":{"rendered":"<p>[et_pb_section bb_built=&#8221;1&#8243; padding_mobile=&#8221;off&#8221; fullwidth=&#8221;on&#8221;][et_pb_fullwidth_slider show_arrows=&#8221;on&#8221; show_pagination=&#8221;on&#8221; auto=&#8221;off&#8221; auto_ignore_hover=&#8221;off&#8221; parallax=&#8221;off&#8221; parallax_method=&#8221;off&#8221; remove_inner_shadow=&#8221;off&#8221; background_position=&#8221;default&#8221; background_size=&#8221;default&#8221; hide_content_on_mobile=&#8221;off&#8221; hide_cta_on_mobile=&#8221;off&#8221; show_image_video_mobile=&#8221;off&#8221; custom_button=&#8221;off&#8221; button_letter_spacing=&#8221;0&#8243; button_use_icon=&#8221;default&#8221; button_icon_placement=&#8221;right&#8221; button_on_hover=&#8221;on&#8221; button_letter_spacing_hover=&#8221;0&#8243;] [et_pb_slide background_image=&#8221;http:\/\/countrysitespain.internationalcoachingcommunity.com\/wp-content\/uploads\/sites\/37\/2017\/08\/13global_ES.jpg&#8221; use_bg_overlay=&#8221;off&#8221; use_text_overlay=&#8221;off&#8221; header_font=&#8221;||||&#8221; body_font=&#8221;||||&#8221; custom_button=&#8221;off&#8221; button_icon_placement=&#8221;right&#8221; button_on_hover=&#8221;on&#8221; background_position=&#8221;default&#8221; background_size=&#8221;default&#8221; background_color=&#8221;#ffffff&#8221; alignment=&#8221;center&#8221; background_layout=&#8221;dark&#8221; allow_player_pause=&#8221;off&#8221; admin_title=&#8221;Global banner&#8221; text_border_radius=&#8221;3&#8243; header_font_select=&#8221;default&#8221; body_font_select=&#8221;default&#8221; button_font_select=&#8221;default&#8221; button_font=&#8221;||||&#8221; button_use_icon=&#8221;default&#8221;] [\/et_pb_slide][et_pb_slide background_image=&#8221;http:\/\/countrysitespain.internationalcoachingcommunity.com\/wp-content\/uploads\/sites\/37\/2017\/08\/6full_ES.jpg&#8221; use_bg_overlay=&#8221;off&#8221; use_text_overlay=&#8221;off&#8221; header_font=&#8221;||||&#8221; body_font=&#8221;||||&#8221; custom_button=&#8221;off&#8221; button_icon_placement=&#8221;right&#8221; button_on_hover=&#8221;on&#8221; background_position=&#8221;default&#8221; background_size=&#8221;default&#8221; background_color=&#8221;#ffffff&#8221; alignment=&#8221;center&#8221; background_layout=&#8221;dark&#8221; allow_player_pause=&#8221;off&#8221; admin_title=&#8221;Full training banner&#8221; text_border_radius=&#8221;3&#8243; header_font_select=&#8221;default&#8221; body_font_select=&#8221;default&#8221; button_font_select=&#8221;default&#8221; button_font=&#8221;||||&#8221; button_use_icon=&#8221;default&#8221;] [\/et_pb_slide][et_pb_slide background_image=&#8221;http:\/\/countrysitespain.internationalcoachingcommunity.com\/wp-content\/uploads\/sites\/37\/2017\/08\/7_eqa_ES.jpg&#8221; use_bg_overlay=&#8221;off&#8221; use_text_overlay=&#8221;off&#8221; header_font=&#8221;||||&#8221; body_font=&#8221;||||&#8221; custom_button=&#8221;off&#8221; button_icon_placement=&#8221;right&#8221; button_on_hover=&#8221;on&#8221; background_position=&#8221;default&#8221; background_size=&#8221;default&#8221; background_color=&#8221;#ffffff&#8221; alignment=&#8221;center&#8221; background_layout=&#8221;dark&#8221; allow_player_pause=&#8221;off&#8221; admin_title=&#8221;EQA banner&#8221; text_border_radius=&#8221;3&#8243; header_font_select=&#8221;default&#8221; body_font_select=&#8221;default&#8221; button_font_select=&#8221;default&#8221; button_font=&#8221;||||&#8221; button_use_icon=&#8221;default&#8221;] [\/et_pb_slide] [\/et_pb_fullwidth_slider][et_pb_fullwidth_header admin_label=&#8221;Instituto Ben Pensante&#8221; saved_tabs=&#8221;all&#8221; title=&#8221;Instituto Ben Pensante&#8221; background_layout=&#8221;dark&#8221; text_orientation=&#8221;left&#8221; header_fullscreen=&#8221;off&#8221; header_scroll_down=&#8221;off&#8221; background_color=&#8221;#7fafc0&#8243; content_orientation=&#8221;center&#8221; image_orientation=&#8221;center&#8221; custom_button_one=&#8221;off&#8221; button_one_letter_spacing=&#8221;0&#8243; button_one_icon_placement=&#8221;right&#8221; button_one_letter_spacing_hover=&#8221;0&#8243; custom_button_two=&#8221;off&#8221; button_two_letter_spacing=&#8221;0&#8243; button_two_icon_placement=&#8221;right&#8221; button_two_letter_spacing_hover=&#8221;0&#8243; _builder_version=&#8221;3.0.69&#8243; \/][\/et_pb_section][et_pb_section bb_built=&#8221;1&#8243; admin_label=&#8221;section&#8221; padding_mobile=&#8221;off&#8221;][et_pb_row admin_label=&#8221;row&#8221; padding_mobile=&#8221;off&#8221; column_padding_mobile=&#8221;on&#8221; parallax_method_1=&#8221;off&#8221; background_position=&#8221;top_left&#8221; background_repeat=&#8221;repeat&#8221; background_size=&#8221;initial&#8221;][et_pb_column type=&#8221;4_4&#8243;][et_pb_text admin_label=&#8221;Metodolog\u00eda propia de Lambent&#8221; background_layout=&#8221;light&#8221; text_orientation=&#8221;left&#8221; border_style=&#8221;solid&#8221; background_position=&#8221;top_left&#8221; background_repeat=&#8221;repeat&#8221; background_size=&#8221;initial&#8221; _builder_version=&#8221;3.0.69&#8243;]<\/p>\n<h2>1. Metodolog\u00eda propia de Lambent<\/h2>\n<p>La International Coaching Community, utiliza los programas de formaci\u00f3n y la metodolog\u00eda creada por Lambent. Es la misma que se utiliza en m\u00e1s de 100 Certificaciones al a\u00f1o y en m\u00e1s de 60 pa\u00edses.<\/p>\n<p>Se ha utilizado para formar a m\u00e1s de 11000 Coaches desde el a\u00f1o 2001. Est\u00e1 estructurada y se imparte utilizando los principios de la Andragog\u00eda (principios del aprendizaje en adultos) que ayudan a atraer la atenci\u00f3n, motivar y transferir conocimientos y habilidades de manera eficiente a los adultos.<\/p>\n<p>ICC utiliza el entrenamiento para la Certificaci\u00f3n Internacional en Coaching de Lambent. Este entrenamiento fue galardonado con el Premio europeo a la calidad (EQA) por la European Coaching and Mentoring Council (EMCC) y est\u00e1 mundialmente reconocido.<\/p>\n<p>La estructura y el contenido del curso est\u00e1 dise\u00f1ados para aportar conocimientos, habilidades y autodesarrollo.<\/p>\n<p>El m\u00e9todo utilizado consiste en un esquema integrado por los siguientes principales modelos de coaching:<\/p>\n<ul>\n<li>Coaching ontol\u00f3gico (Fernando Flores, James Flaherty y Julio Ollala).<\/li>\n<li>Estudios integrales (Ken Wilber).<\/li>\n<li>Juego interior y coaching co-activo (Laura Whitworth ,Timothy Gallwey y Sir John Whitmore).<\/li>\n<li>Psicolog\u00eda positiva (Martin Seligman).<\/li>\n<li>Coaching basado en evidencias (Anthony Grant).<\/li>\n<li>Programaci\u00f3n neuro-ling\u00fc\u00edstica (John Grinder y Richard Bandler) y.<\/li>\n<li>Coaching conductual (Perry Zeus y Suzanne Skiffington).<\/li>\n<\/ul>\n<p>[\/et_pb_text][et_pb_text admin_label=&#8221;Marco te\u00f3rico&#8221; background_layout=&#8221;light&#8221; text_orientation=&#8221;left&#8221; border_style=&#8221;solid&#8221; background_position=&#8221;top_left&#8221; background_repeat=&#8221;repeat&#8221; background_size=&#8221;initial&#8221; _builder_version=&#8221;3.0.69&#8243;]<\/p>\n<h2>2. Marco te\u00f3rico<\/h2>\n<p>La metodolog\u00eda sigue las tres tradiciones de conocimiento fundamentales del coaching.<\/p>\n<p><em><strong>a) Psicolog\u00eda humanista y las obras de Abram Maslow y Carl Rogers.<\/strong><\/em><br \/>\nLos principios esenciales de la Psicolog\u00eda humanista son:<\/p>\n<ul>\n<li>Las personas poseen una experiencia v\u00e1lida de sus propios valores y metas.<\/li>\n<li>Las personas desean ser la mejor versi\u00f3n de s\u00ed mismas.<\/li>\n<li>Todos somos \u00fanicos y valiosos.<\/li>\n<li>Todos deseamos poder elegir y poner en pr\u00e1ctica nuestras decisiones.<\/li>\n<\/ul>\n<p>Estos son principios b\u00e1sicos de todas las escuelas de coaching.<\/p>\n<p><em><strong>b) Constructivismo<\/strong><\/em><\/p>\n<p>Este punto de vista proviene de la Cibern\u00e9tica y de las obras de Heinz von Foerster.<br \/>\nEl constructivismo desarroll\u00f3 la idea de que nosotros ayudamos a crear el mundo en el que vivimos. Nuestra percepci\u00f3n de la realidad es tanto una construcci\u00f3n de nuestra mente, como lo que est\u00e1 en el mundo que nos rodea. Por tanto, el coaching debe descubrir el mundo que el cliente est\u00e1 construyendo sin entrometerse con sus propios juicios.<\/p>\n<p><em><strong>c) Ling\u00fc\u00edstica<\/strong><\/em><\/p>\n<p>Las personas describen el mundo y a s\u00ed mismos mediante el lenguaje, y la estructura del lenguaje da forma a su manera de pensar a la vez que tambi\u00e9n le pone l\u00edmites. El coaching tiene muy en cuenta el lenguaje, como un indicio del modo en que el cliente piensa sobre su problema.<\/p>\n<p><strong>La metodolog\u00eda Lambent es un modelo integrado, con bases te\u00f3ricas, firmes y desarrolladas a partir de varias ramas adicionales del pensamiento:<\/strong><\/p>\n<ul>\n<li><strong>Coaching ontol\u00f3gico.<\/strong> Se enfoca en la manera de ser del cliente, en la interacci\u00f3n din\u00e1mica que se da entre el lenguaje, las emociones y la fisiolog\u00eda. Pone particular \u00e9nfasis a la escucha, a la observaci\u00f3n de sus patrones de lenguaje y a las emociones expresadas. La metodolog\u00eda Lambent tiene en cuenta todas estas dimensiones; el cliente es una persona en su totalidad: mente, coraz\u00f3n y esp\u00edritu. Los principios del coaching ontol\u00f3gico se toman principalmente de los trabajos de James Flaherty, Fernando Flores y Rafael Echeverria.<\/li>\n<li><strong>Estudios integrales.<\/strong> Este campo de la psicolog\u00eda transpersonal se origin\u00f3 en los trabajos del fil\u00f3sofo estadounidense, Ken Wilber. El modelo integral utiliza una serie de perspectivas diferentes para lograr la comprensi\u00f3n m\u00e1s cabal posible de una situaci\u00f3n. Se enfoca en las l\u00edneas de desarrollo, los estados mentales, los tipos de psicolog\u00eda y las etapas del desarrollo. Utiliza perspectivas interiores, exteriores, individuales y colectivas. Las perspectivas son una parte importante de la metodolog\u00eda Lambent y los estudios integrales proporcionan algunas que son muy \u00fatiles.<\/li>\n<li><strong>Juego interior y Coaching co-activo.<\/strong> La metodolog\u00eda del Juego interior fue muy importante para el desarrollo del coaching. Creada por Timothy Gallwey, se enfoca en vencer al oponente interior para convertirse en la mejor versi\u00f3n de uno mismo. El m\u00e9todo fue llevado a Europa por John Whitmore. El coaching co-activo tambi\u00e9n es un modelo que Laura Whitworth desarroll\u00f3 originariamente en Estados Unidos. Los cuatro principios de este modelo son que, por naturaleza, el cliente es creativo, ingenioso y un \u201ctodo\u201d integrado, que el coaching debe enfocarse en la vida del cliente en su totalidad, que el cliente establece la agenda y que la relaci\u00f3n de coaching es una sociedad. El coaching co-activo tambi\u00e9n otorga \u00e9nfasis especial a la intuici\u00f3n del coach como una herramienta de coaching.<\/li>\n<li><strong>Psicolog\u00eda positiva.<\/strong> Esta l\u00ednea sigue las ideas de Abram Maslow sobre la autorrealizaci\u00f3n. Martin Seligman ha utilizado y desarrollado este enfoque en Estados Unidos. La psicolog\u00eda positiva se concentra en el bienestar mental e investiga las emociones positivas y lo que las personas pueden hacer para agregar m\u00e1s de estas a su vida. Considera que son importantes la esperanza y el optimismo como rasgos del car\u00e1cter. Esta l\u00ednea ha llevado a la creaci\u00f3n de una escuela de coaching conocida como \u201cLa Felicidad Aut\u00e9ntica\u201d.<\/li>\n<li><strong>Programaci\u00f3n Neuroling\u00fc\u00edstica (PNL).<\/strong> Es un sistema de psicolog\u00eda originado por Richard Bandler y John Grinder en Estados Unidos en la d\u00e9cada del setenta y desarrollado posteriormente por Robert Dilts. La PNL es el estudio de la estructura de la experiencia subjetiva. Su enfoque se refleja en su nombre: \u2018neuro\u2019 es la mente, \u2018ling\u00fc\u00edstica\u2019 se refiere al lenguaje y \u2018programaci\u00f3n\u2019 se refiere a las secuencias de acciones que se llevan a cabo para lograr una meta. La PNL adopta un enfoque pragm\u00e1tico, basado en modelos de excelencia y ense\u00f1a muchas habilidades y herramientas importantes que se usan en el coaching.<\/li>\n<li><strong>Coaching conductual.<\/strong> Este modelo se enfoca en el comportamiento exterior m\u00e1s que en las metas interiores y busca llevar a cabo modificaciones en la conducta que sean sostenibles y medibles. Se aplica principalmente en los contextos de negocios. La metodolog\u00eda Lambent reconoce la importancia de los resultados medibles para los individuos, los equipos y las organizaciones, de modo que el impacto del coaching se pueda evaluar desde diversos aspectos. El coaching modifica el pensamiento y las emociones y esto conduce al cambio de la conducta. El coaching conductual ha sido desarrollado fundamentalmente por Perry Zeus y Suzanna Skiffington en Australia.<\/li>\n<\/ul>\n<p><em>La metodolog\u00eda de Lambent tambi\u00e9n sigue los <strong>principios del coaching basado en evidencias<\/strong>, que se define como \u2018el uso inteligente y atento del mejor conocimiento actual, integrado con la experiencia del practicante en la toma de decisiones acerca de c\u00f3mo practicar el coaching con clientes individuales, y en el dise\u00f1o y la ense\u00f1anza de programas de entrenamientos de coaching\u2019.<\/em><\/p>\n<p><em>Los dise\u00f1adores de la metodolog\u00eda Lambent, <strong>Andrea Lages y Joseph O\u2019Connor<\/strong>, han escrito varios BestSellers sobre Coaching. Su segundo libro, \u2018How Coaching Works\u2019 (C\u00f3mo funciona el coaching), fue nominado al Mejor Libro de Negocios del A\u00f1o por el Financial Times en el a\u00f1o 2007.<\/em><\/p>\n<p>[\/et_pb_text][et_pb_text admin_label=&#8221;Metodolog\u00eda y estructura&#8221; background_layout=&#8221;light&#8221; text_orientation=&#8221;left&#8221; border_style=&#8221;solid&#8221; background_position=&#8221;top_left&#8221; background_repeat=&#8221;repeat&#8221; background_size=&#8221;initial&#8221; _builder_version=&#8221;3.0.69&#8243;]<\/p>\n<h2>3. Metodolog\u00eda y estructura<\/h2>\n<p>La metodolog\u00eda y el dise\u00f1o de Lambent siguen los principios del aprendizaje en adultos (Andragog\u00eda), teniendo como bases que:<\/p>\n<ul>\n<li style=\"list-style-type: none;\">\n<ul>\n<li>Los adultos son independientes y tienen iniciativa propia. Quieren ser libres para dirigir su propio aprendizaje. Los entrenadores deben cumplir el rol de facilitadores y guiar a los participantes hacia su propio conocimiento, m\u00e1s que proporcionarles datos.<\/li>\n<li>Los adultos necesitan conectar el aprendizaje con su propio conocimiento y experiencia de vida, aprenden mejor cuando se aplican y utilizan las experiencias y los conocimientos relevantes que poseen sobre el tema, y cuando las teor\u00edas y conceptos se relacionan con esa experiencia.<\/li>\n<li>Los adultos se preocupan por alcanzar sus metas. Por esta raz\u00f3n, los entrenadores deben mostrarles c\u00f3mo el entrenamiento los ayudar\u00e1 a lograr sus objetivos.<\/li>\n<li>Los adultos necesitan ver el aprendizaje como algo aplicable a su trabajo o a otras de sus responsabilidades para que les resulte valioso.<\/li>\n<li>Los adultos son pr\u00e1cticos y se enfocan en los aspectos de una lecci\u00f3n que les resultan m\u00e1s \u00fatiles para su trabajo.<\/li>\n<li>Los adultos necesitan ser respetados.<\/li>\n<li>l aprendizaje de los adultos sigue el ciclo de aprendizaje de Kolb que incluye Experiencia, Reflexi\u00f3n, Conceptualizaci\u00f3n y Prueba.<\/li>\n<\/ul>\n<\/li>\n<\/ul>\n<p>La estructura del curso de coaching de Lambent y el modo en que se dicta siguen estos importantes principios. Todos nuestros trainers poseen una gran experiencia y est\u00e1n entrenados espec\u00edficamente en este enfoque y metodolog\u00eda.<\/p>\n<p>[\/et_pb_text][\/et_pb_column][\/et_pb_row][\/et_pb_section][et_pb_section bb_built=&#8221;1&#8243; admin_label=&#8221;section&#8221; transparent_background=&#8221;off&#8221; background_color=&#8221;#7fafc0&#8243; allow_player_pause=&#8221;off&#8221; inner_shadow=&#8221;off&#8221; parallax=&#8221;off&#8221; parallax_method=&#8221;on&#8221; padding_mobile=&#8221;off&#8221; make_fullwidth=&#8221;off&#8221; use_custom_width=&#8221;off&#8221; width_unit=&#8221;off&#8221; make_equal=&#8221;off&#8221; use_custom_gutter=&#8221;off&#8221; fullwidth=&#8221;off&#8221; specialty=&#8221;off&#8221; disabled=&#8221;off&#8221;][et_pb_row admin_label=&#8221;row&#8221; make_fullwidth=&#8221;off&#8221; use_custom_width=&#8221;off&#8221; width_unit=&#8221;off&#8221; custom_width_px=&#8221;1080px&#8221; custom_width_percent=&#8221;80%&#8221; use_custom_gutter=&#8221;off&#8221; gutter_width=&#8221;3&#8243; padding_mobile=&#8221;off&#8221; allow_player_pause=&#8221;off&#8221; parallax=&#8221;off&#8221; parallax_method=&#8221;on&#8221; make_equal=&#8221;off&#8221; column_padding_mobile=&#8221;on&#8221; parallax_1=&#8221;off&#8221; parallax_method_1=&#8221;on&#8221; parallax_2=&#8221;off&#8221; parallax_method_2=&#8221;on&#8221; parallax_3=&#8221;off&#8221; parallax_method_3=&#8221;on&#8221; parallax_4=&#8221;off&#8221; parallax_method_4=&#8221;on&#8221; disabled=&#8221;off&#8221; background_position=&#8221;top_left&#8221; background_repeat=&#8221;repeat&#8221; background_size=&#8221;initial&#8221;][et_pb_column type=&#8221;4_4&#8243;][et_pb_text background_layout=&#8221;dark&#8221; text_orientation=&#8221;left&#8221; use_border_color=&#8221;off&#8221; border_style=&#8221;solid&#8221; disabled=&#8221;off&#8221; border_color=&#8221;#ffffff&#8221; text_line_height=&#8221;3em&#8221; background_position=&#8221;top_left&#8221; background_repeat=&#8221;repeat&#8221; background_size=&#8221;initial&#8221; _builder_version=&#8221;3.0.69&#8243;]<\/p>\n<h2>Obtener m\u00e1s informaciones<\/h2>\n<p>Solicita m\u00e1s informaci\u00f3n y te contactaremos a la brevedad. \n<div class=\"wpcf7 no-js\" id=\"wpcf7-f49949-o1\" lang=\"en-US\" dir=\"ltr\" data-wpcf7-id=\"49949\">\n<div class=\"screen-reader-response\"><p role=\"status\" aria-live=\"polite\" aria-atomic=\"true\"><\/p> <ul><\/ul><\/div>\n<form action=\"\/en\/wp-json\/wp\/v2\/pages\/345#wpcf7-f49949-o1\" method=\"post\" class=\"wpcf7-form init\" aria-label=\"Contact form\" novalidate=\"novalidate\" data-status=\"init\">\n<fieldset class=\"hidden-fields-container\"><input type=\"hidden\" name=\"_wpcf7\" value=\"49949\" \/><input type=\"hidden\" name=\"_wpcf7_version\" value=\"6.1.4\" \/><input type=\"hidden\" name=\"_wpcf7_locale\" value=\"en_US\" \/><input type=\"hidden\" name=\"_wpcf7_unit_tag\" value=\"wpcf7-f49949-o1\" \/><input type=\"hidden\" name=\"_wpcf7_container_post\" value=\"0\" \/><input type=\"hidden\" name=\"_wpcf7_posted_data_hash\" value=\"\" \/>\n<\/fieldset>\n<p><label>Nombre<br \/>\n<span class=\"wpcf7-form-control-wrap\" data-name=\"infusionsoft-first-name\"><input size=\"40\" maxlength=\"400\" class=\"wpcf7-form-control wpcf7-text wpcf7-validates-as-required input\" aria-required=\"true\" aria-invalid=\"false\" placeholder=\"Su Nombre...\" value=\"\" type=\"text\" name=\"infusionsoft-first-name\" \/><\/span> <\/label>\n<\/p>\n<p><label>Apellido<br \/>\n<span class=\"wpcf7-form-control-wrap\" data-name=\"infusionsoft-last-name\"><input size=\"40\" maxlength=\"400\" class=\"wpcf7-form-control wpcf7-text wpcf7-validates-as-required input\" aria-required=\"true\" aria-invalid=\"false\" placeholder=\"Su Apellido...\" value=\"\" type=\"text\" name=\"infusionsoft-last-name\" \/><\/span> <\/label>\n<\/p>\n<p><label>Correo<br \/>\n<span class=\"wpcf7-form-control-wrap\" data-name=\"infusionsoft-email\"><input size=\"40\" maxlength=\"400\" class=\"wpcf7-form-control wpcf7-email wpcf7-validates-as-required wpcf7-text wpcf7-validates-as-email input\" aria-required=\"true\" aria-invalid=\"false\" placeholder=\"Su Correo...\" value=\"\" type=\"email\" name=\"infusionsoft-email\" \/><\/span> <\/label>\n<\/p>\n<p><label>Tema<br \/>\n<span class=\"wpcf7-form-control-wrap\" data-name=\"suject\"><select class=\"wpcf7-form-control wpcf7-select wpcf7-validates-as-required\" aria-required=\"true\" aria-invalid=\"false\" name=\"suject\"><option value=\"\">Elija un tema<\/option><option value=\"Entrenamientos en mi pa\u00eds\">Entrenamientos en mi pa\u00eds<\/option><option value=\"Asociaciones y Alianzas\">Asociaciones y Alianzas<\/option><option value=\"Buscar un coach ICC\">Buscar un coach ICC<\/option><option value=\"Patrocinar certificaciones de ICC en su pa\u00eds\">Patrocinar certificaciones de ICC en su pa\u00eds<\/option><option value=\"Feedbacks y comentarios\">Feedbacks y comentarios<\/option><option value=\"Sobre la Certificaci\u00f3n Internacional\">Sobre la Certificaci\u00f3n Internacional<\/option><option value=\"Sobre el Coaching de Equipos\">Sobre el Coaching de Equipos<\/option><option value=\"Sobre el Coaching Ejecutivo\">Sobre el Coaching Ejecutivo<\/option><option value=\"Sobre el Coaching de Negocios\">Sobre el Coaching de Negocios<\/option><option value=\"Sobre el Coaching de Vida\">Sobre el Coaching de Vida<\/option><option value=\"Informaci\u00f3n general\">Informaci\u00f3n general<\/option><\/select><\/span> <\/label>\n<\/p>\n<p><label>Mensaje<br \/>\n<span class=\"wpcf7-form-control-wrap\" data-name=\"infusionsoft-notes\"><textarea cols=\"40\" rows=\"10\" maxlength=\"2000\" class=\"wpcf7-form-control wpcf7-textarea wpcf7-validates-as-required input\" aria-required=\"true\" aria-invalid=\"false\" placeholder=\"Su Mensaje...\" name=\"infusionsoft-notes\"><\/textarea><\/span> <\/label>\n<\/p>\n<p><div id=\"cf7sr-69d649b9ccdfb\" class=\"cf7sr-g-recaptcha\" data-theme=\"light\" data-type=\"image\" data-size=\"normal\" data-sitekey=\"6LcCf0UUAAAAACQXqDeaTu6WURXrjXbhdnML5nng\"><\/div><span class=\"wpcf7-form-control-wrap cf7sr-recaptcha\" data-name=\"cf7sr-recaptcha\"><input type=\"hidden\" name=\"cf7sr-recaptcha\" value=\"\" class=\"wpcf7-form-control\"><\/span>\n<\/p>\n<p><input class=\"wpcf7-form-control wpcf7-submit has-spinner wpcf7-submitportfolio\" type=\"submit\" value=\"Enviar\" \/>\n<\/p><div class=\"wpcf7-response-output\" aria-hidden=\"true\"><\/div>\n<\/form>\n<\/div>\n [\/et_pb_text][\/et_pb_column][\/et_pb_row][\/et_pb_section]<\/p>\n","protected":false},"excerpt":{"rendered":"<p>1. Metodolog\u00eda propia de Lambent La International Coaching Community, utiliza los programas de formaci\u00f3n y la metodolog\u00eda creada por Lambent. Es la misma que se utiliza en m\u00e1s de 100 Certificaciones al a\u00f1o y en m\u00e1s de 60 pa\u00edses. Se ha utilizado para formar a m\u00e1s de 11000 Coaches desde el a\u00f1o 2001. Est\u00e1 estructurada [&hellip;]<\/p>\n","protected":false},"author":1,"featured_media":0,"parent":0,"menu_order":0,"comment_status":"closed","ping_status":"closed","template":"","meta":{"_acf_changed":false,"_et_pb_use_builder":"on","_et_pb_old_content":"","_et_gb_content_width":"","footnotes":""},"class_list":["post-345","page","type-page","status-publish","hentry"],"acf":[],"_links":{"self":[{"href":"https:\/\/countrysitespain.internationalcoachingcommunity.com\/en\/wp-json\/wp\/v2\/pages\/345","targetHints":{"allow":["GET"]}}],"collection":[{"href":"https:\/\/countrysitespain.internationalcoachingcommunity.com\/en\/wp-json\/wp\/v2\/pages"}],"about":[{"href":"https:\/\/countrysitespain.internationalcoachingcommunity.com\/en\/wp-json\/wp\/v2\/types\/page"}],"author":[{"embeddable":true,"href":"https:\/\/countrysitespain.internationalcoachingcommunity.com\/en\/wp-json\/wp\/v2\/users\/1"}],"replies":[{"embeddable":true,"href":"https:\/\/countrysitespain.internationalcoachingcommunity.com\/en\/wp-json\/wp\/v2\/comments?post=345"}],"version-history":[{"count":23,"href":"https:\/\/countrysitespain.internationalcoachingcommunity.com\/en\/wp-json\/wp\/v2\/pages\/345\/revisions"}],"predecessor-version":[{"id":50901,"href":"https:\/\/countrysitespain.internationalcoachingcommunity.com\/en\/wp-json\/wp\/v2\/pages\/345\/revisions\/50901"}],"wp:attachment":[{"href":"https:\/\/countrysitespain.internationalcoachingcommunity.com\/en\/wp-json\/wp\/v2\/media?parent=345"}],"curies":[{"name":"wp","href":"https:\/\/api.w.org\/{rel}","templated":true}]}}