{"id":42,"date":"2013-07-16T14:50:50","date_gmt":"2013-07-16T14:50:50","guid":{"rendered":"http:\/\/countrysitespain.internationalcoachingcommunity.com\/?page_id=42"},"modified":"2017-09-12T19:53:08","modified_gmt":"2017-09-12T19:53:08","slug":"alumnos","status":"publish","type":"page","link":"https:\/\/countrysitespain.internationalcoachingcommunity.com\/alumnos\/","title":{"rendered":"Espacio para Coaches en Formaci\u00f3n"},"content":{"rendered":"<p>[et_pb_section bb_built=&#8221;1&#8243; transparent_background=&#8221;off&#8221; background_color=&#8221;rgba(12,113,195,0.21)&#8221; allow_player_pause=&#8221;off&#8221; inner_shadow=&#8221;off&#8221; parallax=&#8221;off&#8221; parallax_method=&#8221;on&#8221; padding_mobile=&#8221;off&#8221; make_fullwidth=&#8221;off&#8221; use_custom_width=&#8221;off&#8221; width_unit=&#8221;off&#8221; custom_width_px=&#8221;1080px&#8221; custom_width_percent=&#8221;80%&#8221; make_equal=&#8221;off&#8221; use_custom_gutter=&#8221;off&#8221; fullwidth=&#8221;on&#8221; specialty=&#8221;off&#8221; disabled=&#8221;off&#8221;][et_pb_fullwidth_slider show_arrows=&#8221;on&#8221; show_pagination=&#8221;on&#8221; auto=&#8221;off&#8221; auto_speed=&#8221;7000&#8243; auto_ignore_hover=&#8221;off&#8221; parallax=&#8221;off&#8221; parallax_method=&#8221;off&#8221; remove_inner_shadow=&#8221;off&#8221; background_position=&#8221;top_left&#8221; hide_content_on_mobile=&#8221;off&#8221; hide_cta_on_mobile=&#8221;off&#8221; show_image_video_mobile=&#8221;off&#8221; custom_button=&#8221;off&#8221; button_letter_spacing=&#8221;0&#8243; button_icon_placement=&#8221;right&#8221; button_letter_spacing_hover=&#8221;0&#8243; disabled=&#8221;off&#8221; _builder_version=&#8221;3.0.69&#8243;] [et_pb_slide button_link=&#8221;#&#8221; background_image=&#8221;http:\/\/countrysitespain.internationalcoachingcommunity.com\/wp-content\/uploads\/sites\/37\/2017\/09\/2_team_ES.jpg&#8221; background_position=&#8221;top_left&#8221; background_size=&#8221;cover&#8221; background_color=&#8221;#ffffff&#8221; use_bg_overlay=&#8221;off&#8221; use_text_overlay=&#8221;off&#8221; alignment=&#8221;center&#8221; background_layout=&#8221;dark&#8221; allow_player_pause=&#8221;off&#8221; text_border_radius=&#8221;3&#8243; header_font=&#8221;||||&#8221; body_font=&#8221;||||&#8221; custom_button=&#8221;off&#8221; button_font=&#8221;||||&#8221; button_use_icon=&#8221;default&#8221; button_icon_placement=&#8221;right&#8221; button_on_hover=&#8221;on&#8221; disabled=&#8221;off&#8221; header_font_select=&#8221;default&#8221; body_font_select=&#8221;default&#8221; button_font_select=&#8221;default&#8221; admin_title=&#8221;Team banner&#8221; use_background_color_gradient=&#8221;off&#8221; background_color_gradient_start=&#8221;#2b87da&#8221; background_color_gradient_end=&#8221;#29c4a9&#8243; background_color_gradient_type=&#8221;linear&#8221; background_color_gradient_direction=&#8221;180deg&#8221; background_color_gradient_direction_radial=&#8221;center&#8221; background_color_gradient_start_position=&#8221;0%&#8221; background_color_gradient_end_position=&#8221;100%&#8221; parallax=&#8221;off&#8221; parallax_method=&#8221;off&#8221; background_repeat=&#8221;no-repeat&#8221; background_blend=&#8221;normal&#8221; \/] [\/et_pb_fullwidth_slider][et_pb_fullwidth_header title=&#8221;Espacio para Coaches en Formaci\u00f3n&#8221; background_layout=&#8221;dark&#8221; text_orientation=&#8221;left&#8221; header_fullscreen=&#8221;off&#8221; header_scroll_down=&#8221;off&#8221; content_orientation=&#8221;center&#8221; image_orientation=&#8221;center&#8221; custom_button_one=&#8221;off&#8221; button_one_letter_spacing=&#8221;0&#8243; button_one_icon_placement=&#8221;right&#8221; button_one_letter_spacing_hover=&#8221;0&#8243; custom_button_two=&#8221;off&#8221; button_two_letter_spacing=&#8221;0&#8243; button_two_icon_placement=&#8221;right&#8221; button_two_letter_spacing_hover=&#8221;0&#8243; disabled=&#8221;off&#8221; background_color=&#8221;#7fafc0&#8243; _builder_version=&#8221;3.0.69&#8243; \/][\/et_pb_section][et_pb_section bb_built=&#8221;1&#8243; admin_label=&#8221;section&#8221; parallax_method=&#8221;off&#8221; fullwidth=&#8221;off&#8221; specialty=&#8221;off&#8221; disabled=&#8221;off&#8221; _builder_version=&#8221;3.0.69&#8243;][et_pb_row make_fullwidth=&#8221;off&#8221; use_custom_width=&#8221;off&#8221; width_unit=&#8221;off&#8221; custom_width_px=&#8221;1080px&#8221; custom_width_percent=&#8221;80%&#8221; use_custom_gutter=&#8221;off&#8221; gutter_width=&#8221;3&#8243; padding_mobile=&#8221;off&#8221; allow_player_pause=&#8221;off&#8221; parallax=&#8221;off&#8221; parallax_method=&#8221;on&#8221; make_equal=&#8221;off&#8221; column_padding_mobile=&#8221;on&#8221; parallax_1=&#8221;off&#8221; parallax_method_1=&#8221;off&#8221; parallax_2=&#8221;off&#8221; parallax_method_2=&#8221;off&#8221; parallax_3=&#8221;off&#8221; parallax_method_3=&#8221;off&#8221; parallax_4=&#8221;off&#8221; parallax_method_4=&#8221;on&#8221; disabled=&#8221;off&#8221; background_position=&#8221;top_left&#8221; background_repeat=&#8221;repeat&#8221; background_size=&#8221;initial&#8221;][et_pb_column type=&#8221;1_3&#8243;][et_pb_blurb title=&#8221;CAMPUS VIRTUAL&#8221; url_new_window=&#8221;off&#8221; use_icon=&#8221;on&#8221; font_icon=&#8221;%%74%%&#8221; use_circle=&#8221;off&#8221; use_circle_border=&#8221;off&#8221; icon_placement=&#8221;top&#8221; animation=&#8221;off&#8221; background_layout=&#8221;light&#8221; use_icon_font_size=&#8221;off&#8221; border_style=&#8221;solid&#8221; disabled=&#8221;off&#8221; background_position=&#8221;top_left&#8221; background_repeat=&#8221;repeat&#8221; background_size=&#8221;initial&#8221; _builder_version=&#8221;3.0.69&#8243;] A trav\u00e9s del Campus Virtual podr\u00e1s realizar las tareas de certificaci\u00f3n y estar en contacto con tu grupo de estudio y tu entrenador. [\/et_pb_blurb][\/et_pb_column][et_pb_column type=&#8221;1_3&#8243;][et_pb_blurb title=&#8221;CLASES MAGISTRALES&#8221; url_new_window=&#8221;off&#8221; use_icon=&#8221;on&#8221; font_icon=&#8221;%%176%%&#8221; use_circle=&#8221;off&#8221; use_circle_border=&#8221;off&#8221; icon_placement=&#8221;top&#8221; animation=&#8221;off&#8221; background_layout=&#8221;light&#8221; use_icon_font_size=&#8221;off&#8221; border_style=&#8221;solid&#8221; disabled=&#8221;off&#8221; background_position=&#8221;top_left&#8221; background_repeat=&#8221;repeat&#8221; background_size=&#8221;initial&#8221; _builder_version=&#8221;3.0.69&#8243;] Visita la galer\u00eda de clases magistrales dictadas por Trainers Internacionales e incorpora herramientas clave para tu formaci\u00f3n en Coaching [\/et_pb_blurb][\/et_pb_column][et_pb_column type=&#8221;1_3&#8243;][et_pb_blurb title=&#8221;FORMACI\u00d3N CONTINUA&#8221; url_new_window=&#8221;off&#8221; use_icon=&#8221;on&#8221; font_icon=&#8221;%%305%%&#8221; use_circle=&#8221;off&#8221; use_circle_border=&#8221;off&#8221; icon_placement=&#8221;top&#8221; animation=&#8221;off&#8221; background_layout=&#8221;light&#8221; use_icon_font_size=&#8221;off&#8221; border_style=&#8221;solid&#8221; disabled=&#8221;off&#8221; background_position=&#8221;top_left&#8221; background_repeat=&#8221;repeat&#8221; background_size=&#8221;initial&#8221; _builder_version=&#8221;3.0.69&#8243;] Cursos y seminarios a distancia con Trainers internacionales desde la comodidad de tu ordenador, para llevar tu coaching a un pr\u00f3ximo nivel. [\/et_pb_blurb][\/et_pb_column][\/et_pb_row][\/et_pb_section][et_pb_section bb_built=&#8221;1&#8243; transparent_background=&#8221;off&#8221; background_color=&#8221;rgba(12,113,195,0.21)&#8221; allow_player_pause=&#8221;off&#8221; inner_shadow=&#8221;off&#8221; parallax=&#8221;off&#8221; parallax_method=&#8221;on&#8221; padding_mobile=&#8221;off&#8221; make_fullwidth=&#8221;off&#8221; use_custom_width=&#8221;off&#8221; width_unit=&#8221;off&#8221; custom_width_px=&#8221;1080px&#8221; custom_width_percent=&#8221;80%&#8221; make_equal=&#8221;off&#8221; use_custom_gutter=&#8221;off&#8221; fullwidth=&#8221;on&#8221; specialty=&#8221;off&#8221; disabled=&#8221;off&#8221;][et_pb_fullwidth_header title=&#8221;PROCESO DE CERTIFICACI\u00d3N&#8221; background_layout=&#8221;dark&#8221; text_orientation=&#8221;left&#8221; header_fullscreen=&#8221;off&#8221; header_scroll_down=&#8221;off&#8221; content_orientation=&#8221;center&#8221; image_orientation=&#8221;center&#8221; custom_button_one=&#8221;off&#8221; button_one_letter_spacing=&#8221;0&#8243; button_one_icon_placement=&#8221;right&#8221; button_one_letter_spacing_hover=&#8221;0&#8243; custom_button_two=&#8221;off&#8221; button_two_letter_spacing=&#8221;0&#8243; button_two_icon_placement=&#8221;right&#8221; button_two_letter_spacing_hover=&#8221;0&#8243; disabled=&#8221;off&#8221; background_color=&#8221;#7fafc0&#8243; _builder_version=&#8221;3.0.69&#8243; \/][\/et_pb_section][et_pb_section bb_built=&#8221;1&#8243; fullwidth=&#8221;off&#8221; specialty=&#8221;off&#8221;][et_pb_row][et_pb_column type=&#8221;4_4&#8243;][et_pb_text _builder_version=&#8221;3.0.69&#8243; background_layout=&#8221;light&#8221; text_orientation=&#8221;left&#8221; border_style=&#8221;solid&#8221; text_font_size=&#8221;15&#8243;]<\/p>\n<ul>\n<li><a href=\"http:\/\/countrysitespain.internationalcoachingcommunity.com\/wp-content\/uploads\/sites\/37\/2017\/09\/ICC-Tareas-Certificacion.pdf\" target=\"_blank\" rel=\"noopener\">Orientaci\u00f3n tareas de Certificaci\u00f3n Internacional<\/a><\/li>\n<li><a href=\"http:\/\/training.internationalcoachingcommunity.com\/login\/index.php\" target=\"_blank\" rel=\"noopener\">Acceso directo al Campus Virtual<\/a><\/li>\n<\/ul>\n<p>[\/et_pb_text][\/et_pb_column][\/et_pb_row][\/et_pb_section][et_pb_section bb_built=&#8221;1&#8243; transparent_background=&#8221;off&#8221; background_color=&#8221;rgba(12,113,195,0.21)&#8221; allow_player_pause=&#8221;off&#8221; inner_shadow=&#8221;off&#8221; parallax=&#8221;off&#8221; parallax_method=&#8221;on&#8221; padding_mobile=&#8221;off&#8221; make_fullwidth=&#8221;off&#8221; use_custom_width=&#8221;off&#8221; width_unit=&#8221;off&#8221; custom_width_px=&#8221;1080px&#8221; custom_width_percent=&#8221;80%&#8221; make_equal=&#8221;off&#8221; use_custom_gutter=&#8221;off&#8221; fullwidth=&#8221;on&#8221; specialty=&#8221;off&#8221; disabled=&#8221;off&#8221;][et_pb_fullwidth_header title=&#8221;LECTURAS RECOMENDADAS&#8221; background_layout=&#8221;dark&#8221; text_orientation=&#8221;left&#8221; header_fullscreen=&#8221;off&#8221; header_scroll_down=&#8221;off&#8221; content_orientation=&#8221;center&#8221; image_orientation=&#8221;center&#8221; custom_button_one=&#8221;off&#8221; button_one_letter_spacing=&#8221;0&#8243; button_one_icon_placement=&#8221;right&#8221; button_one_letter_spacing_hover=&#8221;0&#8243; custom_button_two=&#8221;off&#8221; button_two_letter_spacing=&#8221;0&#8243; button_two_icon_placement=&#8221;right&#8221; button_two_letter_spacing_hover=&#8221;0&#8243; disabled=&#8221;off&#8221; background_color=&#8221;#7fafc0&#8243; _builder_version=&#8221;3.0.69&#8243; \/][\/et_pb_section][et_pb_section bb_built=&#8221;1&#8243; fullwidth=&#8221;off&#8221; specialty=&#8221;off&#8221;][et_pb_row][et_pb_column type=&#8221;4_4&#8243;][et_pb_text _builder_version=&#8221;3.0.69&#8243; background_layout=&#8221;light&#8221; text_orientation=&#8221;left&#8221; border_style=&#8221;solid&#8221; text_font_size=&#8221;15&#8243;]<\/p>\n<ul>\n<li><a href=\"http:\/\/internationalcoachingcommunity.com\/es\/estandares-y-etica-icc\/\" target=\"_blank\" rel=\"noopener\">Est\u00e1ndares y c\u00f3digo de \u00e9tica de ICC<\/a><\/li>\n<li><a href=\"#\" target=\"_blank\" rel=\"noopener\">Competencias clave de coaching<\/a><\/li>\n<li><a href=\"http:\/\/internationalcoachingcommunity.com\/es\/faq\/\" target=\"_blank\" rel=\"noopener\">Preguntas frecuentes sobre Coaching<\/a><\/li>\n<\/ul>\n<p>[\/et_pb_text][\/et_pb_column][\/et_pb_row][\/et_pb_section][et_pb_section bb_built=&#8221;1&#8243; admin_label=&#8221;section&#8221; transparent_background=&#8221;off&#8221; background_color=&#8221;#7fafc0&#8243; allow_player_pause=&#8221;off&#8221; inner_shadow=&#8221;off&#8221; parallax=&#8221;off&#8221; parallax_method=&#8221;on&#8221; padding_mobile=&#8221;off&#8221; make_fullwidth=&#8221;off&#8221; use_custom_width=&#8221;off&#8221; width_unit=&#8221;off&#8221; make_equal=&#8221;off&#8221; use_custom_gutter=&#8221;off&#8221; fullwidth=&#8221;off&#8221; specialty=&#8221;off&#8221; disabled=&#8221;off&#8221; _builder_version=&#8221;3.0.69&#8243;][et_pb_row admin_label=&#8221;row&#8221; make_fullwidth=&#8221;off&#8221; use_custom_width=&#8221;off&#8221; width_unit=&#8221;off&#8221; custom_width_px=&#8221;1080px&#8221; custom_width_percent=&#8221;80%&#8221; use_custom_gutter=&#8221;off&#8221; gutter_width=&#8221;3&#8243; padding_mobile=&#8221;off&#8221; allow_player_pause=&#8221;off&#8221; parallax=&#8221;off&#8221; parallax_method=&#8221;on&#8221; make_equal=&#8221;off&#8221; column_padding_mobile=&#8221;on&#8221; parallax_1=&#8221;off&#8221; parallax_method_1=&#8221;on&#8221; parallax_2=&#8221;off&#8221; parallax_method_2=&#8221;on&#8221; parallax_3=&#8221;off&#8221; parallax_method_3=&#8221;on&#8221; parallax_4=&#8221;off&#8221; parallax_method_4=&#8221;on&#8221; disabled=&#8221;off&#8221; background_position=&#8221;top_left&#8221; background_repeat=&#8221;repeat&#8221; background_size=&#8221;initial&#8221; _builder_version=&#8221;3.0.69&#8243;][et_pb_column type=&#8221;4_4&#8243;][et_pb_text background_layout=&#8221;dark&#8221; text_orientation=&#8221;left&#8221; border_style=&#8221;solid&#8221; disabled=&#8221;off&#8221; text_line_height=&#8221;3em&#8221; background_position=&#8221;top_left&#8221; background_repeat=&#8221;repeat&#8221; background_size=&#8221;initial&#8221; _builder_version=&#8221;3.0.69&#8243;]<\/p>\n<h2>\u00bfNECESITAS AYUDA?<\/h2>\n\n<div class=\"wpcf7 no-js\" id=\"wpcf7-f49949-o1\" lang=\"en-US\" dir=\"ltr\" data-wpcf7-id=\"49949\">\n<div class=\"screen-reader-response\"><p role=\"status\" aria-live=\"polite\" aria-atomic=\"true\"><\/p> <ul><\/ul><\/div>\n<form action=\"\/en\/wp-json\/wp\/v2\/pages\/42#wpcf7-f49949-o1\" method=\"post\" class=\"wpcf7-form init\" aria-label=\"Contact form\" novalidate=\"novalidate\" data-status=\"init\">\n<fieldset class=\"hidden-fields-container\"><input type=\"hidden\" name=\"_wpcf7\" value=\"49949\" \/><input type=\"hidden\" name=\"_wpcf7_version\" value=\"6.1.4\" \/><input type=\"hidden\" name=\"_wpcf7_locale\" value=\"en_US\" \/><input type=\"hidden\" name=\"_wpcf7_unit_tag\" value=\"wpcf7-f49949-o1\" \/><input type=\"hidden\" name=\"_wpcf7_container_post\" value=\"0\" \/><input type=\"hidden\" name=\"_wpcf7_posted_data_hash\" value=\"\" \/>\n<\/fieldset>\n<p><label>Nombre<br \/>\n<span class=\"wpcf7-form-control-wrap\" data-name=\"infusionsoft-first-name\"><input size=\"40\" maxlength=\"400\" class=\"wpcf7-form-control wpcf7-text wpcf7-validates-as-required input\" aria-required=\"true\" aria-invalid=\"false\" placeholder=\"Su Nombre...\" value=\"\" type=\"text\" name=\"infusionsoft-first-name\" \/><\/span> <\/label>\n<\/p>\n<p><label>Apellido<br \/>\n<span class=\"wpcf7-form-control-wrap\" data-name=\"infusionsoft-last-name\"><input size=\"40\" maxlength=\"400\" class=\"wpcf7-form-control wpcf7-text wpcf7-validates-as-required input\" aria-required=\"true\" aria-invalid=\"false\" placeholder=\"Su Apellido...\" value=\"\" type=\"text\" name=\"infusionsoft-last-name\" \/><\/span> <\/label>\n<\/p>\n<p><label>Correo<br \/>\n<span class=\"wpcf7-form-control-wrap\" data-name=\"infusionsoft-email\"><input size=\"40\" maxlength=\"400\" class=\"wpcf7-form-control wpcf7-email wpcf7-validates-as-required wpcf7-text wpcf7-validates-as-email input\" aria-required=\"true\" aria-invalid=\"false\" placeholder=\"Su Correo...\" value=\"\" type=\"email\" name=\"infusionsoft-email\" \/><\/span> <\/label>\n<\/p>\n<p><label>Tema<br \/>\n<span class=\"wpcf7-form-control-wrap\" data-name=\"suject\"><select class=\"wpcf7-form-control wpcf7-select wpcf7-validates-as-required\" aria-required=\"true\" aria-invalid=\"false\" name=\"suject\"><option value=\"\">Elija un tema<\/option><option value=\"Entrenamientos en mi pa\u00eds\">Entrenamientos en mi pa\u00eds<\/option><option value=\"Asociaciones y Alianzas\">Asociaciones y Alianzas<\/option><option value=\"Buscar un coach ICC\">Buscar un coach ICC<\/option><option value=\"Patrocinar certificaciones de ICC en su pa\u00eds\">Patrocinar certificaciones de ICC en su pa\u00eds<\/option><option value=\"Feedbacks y comentarios\">Feedbacks y comentarios<\/option><option value=\"Sobre la Certificaci\u00f3n Internacional\">Sobre la Certificaci\u00f3n Internacional<\/option><option value=\"Sobre el Coaching de Equipos\">Sobre el Coaching de Equipos<\/option><option value=\"Sobre el Coaching Ejecutivo\">Sobre el Coaching Ejecutivo<\/option><option value=\"Sobre el Coaching de Negocios\">Sobre el Coaching de Negocios<\/option><option value=\"Sobre el Coaching de Vida\">Sobre el Coaching de Vida<\/option><option value=\"Informaci\u00f3n general\">Informaci\u00f3n general<\/option><\/select><\/span> <\/label>\n<\/p>\n<p><label>Mensaje<br \/>\n<span class=\"wpcf7-form-control-wrap\" data-name=\"infusionsoft-notes\"><textarea cols=\"40\" rows=\"10\" maxlength=\"2000\" class=\"wpcf7-form-control wpcf7-textarea wpcf7-validates-as-required input\" aria-required=\"true\" aria-invalid=\"false\" placeholder=\"Su Mensaje...\" name=\"infusionsoft-notes\"><\/textarea><\/span> <\/label>\n<\/p>\n<p><div id=\"cf7sr-69d12a65e60cb\" class=\"cf7sr-g-recaptcha\" data-theme=\"light\" data-type=\"image\" data-size=\"normal\" data-sitekey=\"6LcCf0UUAAAAACQXqDeaTu6WURXrjXbhdnML5nng\"><\/div><span class=\"wpcf7-form-control-wrap cf7sr-recaptcha\" data-name=\"cf7sr-recaptcha\"><input type=\"hidden\" name=\"cf7sr-recaptcha\" value=\"\" class=\"wpcf7-form-control\"><\/span>\n<\/p>\n<p><input class=\"wpcf7-form-control wpcf7-submit has-spinner wpcf7-submitportfolio\" type=\"submit\" value=\"Enviar\" \/>\n<\/p><div class=\"wpcf7-response-output\" aria-hidden=\"true\"><\/div>\n<\/form>\n<\/div>\n\n<p>[\/et_pb_text][\/et_pb_column][\/et_pb_row][\/et_pb_section]<\/p>\n","protected":false},"excerpt":{"rendered":"<p>A trav\u00e9s del Campus Virtual podr\u00e1s realizar las tareas de certificaci\u00f3n y estar en contacto con tu grupo de estudio y tu entrenador. Visita la galer\u00eda de clases magistrales dictadas por Trainers Internacionales e incorpora herramientas clave para tu formaci\u00f3n en Coaching Cursos y seminarios a distancia con Trainers internacionales desde la comodidad de tu [&hellip;]<\/p>\n","protected":false},"author":1,"featured_media":0,"parent":0,"menu_order":0,"comment_status":"closed","ping_status":"closed","template":"","meta":{"_acf_changed":false,"_et_pb_use_builder":"on","_et_pb_old_content":"[vc_row][vc_column][vc_column_text]\r\n<h2>\u00a0<img class=\"alignnone size-full wp-image-743\" src=\"http:\/\/countrysitespain.internationalcoachingcommunity.com\/wp-content\/uploads\/2013\/07\/heading-students.jpg\" alt=\"Espacio para coaches en Formacion\" width=\"881\" height=\"265\" \/><\/h2>\r\n[\/vc_column_text][vc_row_inner][vc_column_inner width=\"1\/3\"][vc_column_text css=\".vc_custom_1426280835997{padding-top: 5px !important;padding-right: 5px !important;padding-bottom: 5px !important;padding-left: 5px !important;background-color: #1e73be !important;}\"]\r\n<p style=\"text-align: center;\"><span style=\"color: #ffffff;\">[icomoon icon=\"im-icon-books\" class=\"claen\" color=\"#ffffff\" size=\"32\"]<\/span><\/p>\r\n<p style=\"text-align: center;\"><span style=\"color: #ffffff;\">CAMPUS VIRTUAL<\/span><\/p>\r\n<p style=\"text-align: center;\"><span style=\"color: #ffffff;\">A trav\u00e9s del Campus Virtual podr\u00e1s realizar las tareas de certificaci\u00f3n y estar en contacto con tu grupo de estudio y tu entrenador.<\/span><\/p>\r\n[\/vc_column_text][\/vc_column_inner][vc_column_inner width=\"1\/3\"][vc_column_text css=\".vc_custom_1426280981904{padding-top: 5px !important;padding-right: 5px !important;padding-bottom: 5px !important;padding-left: 5px !important;background-color: #1e73be !important;}\"]\r\n<p style=\"text-align: center;\"><span style=\"color: #ffffff;\">[icomoon icon=\"im-icon-archive\" class=\"claen\" color=\"#ffffff\" size=\"32\"]<\/span><\/p>\r\n<p style=\"text-align: center;\"><span style=\"color: #ffffff;\">CLASES MAGISTRALES<\/span><\/p>\r\n<p style=\"text-align: center;\"><span style=\"color: #ffffff;\">Visita la galer\u00eda de clases magistrales dictadas por Trainers Internacionales e incorpora herramientas clave para tu formaci\u00f3n en Coaching<\/span><\/p>\r\n[\/vc_column_text][\/vc_column_inner][vc_column_inner width=\"1\/3\"][vc_column_text css=\".vc_custom_1426281263962{padding-top: 5px !important;padding-right: 5px !important;padding-bottom: 5px !important;padding-left: 5px !important;background-color: #1e73be !important;}\"]\r\n<p style=\"text-align: center;\"><span style=\"color: #ffffff;\">[icomoon icon=\"im-icon-atom\" class=\"claen\" color=\"#ffffff\" size=\"32\"]<\/span><\/p>\r\n<p style=\"text-align: center;\"><span style=\"color: #ffffff;\">FORMACI\u00d3N CONTINUA<\/span><\/p>\r\n<p style=\"text-align: center;\"><span style=\"color: #ffffff;\">Cursos y seminarios a distancia con Trainers internacionales desde la comodidad de tu ordenador, para llevar tu coaching a un pr\u00f3ximo nivel.<\/span><\/p>\r\n[\/vc_column_text][\/vc_column_inner][\/vc_row_inner][\/vc_column][\/vc_row][vc_row][vc_column width=\"1\/2\"][vc_column_text]\r\n<h3>PROCESO DE CERTIFICACI\u00d3N<\/h3>\r\n[styled_list icon=\"fa-icon-bookmark\" color=\"#205685\"]\r\n<ul>\r\n \t<li><a title=\"Orientaci\u00f3n Tareas de Certificacion\" href=\"http:\/\/countrysitespain.internationalcoachingcommunity.com\/wp-content\/uploads\/2013\/07\/ICC-Tareas-Certificacion.pdf\" target=\"_blank\">Orientaci\u00f3n tareas de Certificaci\u00f3n Internacional<\/a><\/li>\r\n \t<li><a title=\"Acceso directo al Campus Virtual\" href=\"http:\/\/training.internationalcoachingcommunity.com\" target=\"_blank\">Acceso directo al Campus Virtual<\/a><\/li>\r\n<\/ul>\r\n[\/styled_list]\r\n<h3>LECTURAS RECOMENDADAS<\/h3>\r\n[styled_list icon=\"fa-icon-bookmark\" color=\"#205685\"]\r\n<ul>\r\n \t<li><a href=\"https:\/\/www.internationalcoachingcommunity.com\/es\/estandares-y-etica-de-la-icc\" target=\"_blank\">Est\u00e1ndares y c\u00f3digo de \u00e9tica de ICC<\/a><\/li>\r\n \t<li><a href=\"https:\/\/www.internationalcoachingcommunity.com\/es\/competencias-fundamentales-en-el-icc-coach\" target=\"_blank\">Competencias clave de coaching<\/a><\/li>\r\n \t<li><a href=\"https:\/\/www.internationalcoachingcommunity.com\/es\/faq\" target=\"_blank\">Preguntas frecuentes sobre Coaching<\/a><\/li>\r\n<\/ul>\r\n[\/styled_list]\r\n[\/vc_column_text][\/vc_column][vc_column width=\"1\/2\"][vc_column_text]\r\n<h3>\u00bfNECESITAS AYUDA?\r\n[contact-form-7 id=\"1350\" title=\"Contacto Coaches en Formacion\"][\/vc_column_text][\/vc_column][\/vc_row]<\/h3>","_et_gb_content_width":"","footnotes":""},"class_list":["post-42","page","type-page","status-publish","hentry"],"acf":[],"_links":{"self":[{"href":"https:\/\/countrysitespain.internationalcoachingcommunity.com\/en\/wp-json\/wp\/v2\/pages\/42","targetHints":{"allow":["GET"]}}],"collection":[{"href":"https:\/\/countrysitespain.internationalcoachingcommunity.com\/en\/wp-json\/wp\/v2\/pages"}],"about":[{"href":"https:\/\/countrysitespain.internationalcoachingcommunity.com\/en\/wp-json\/wp\/v2\/types\/page"}],"author":[{"embeddable":true,"href":"https:\/\/countrysitespain.internationalcoachingcommunity.com\/en\/wp-json\/wp\/v2\/users\/1"}],"replies":[{"embeddable":true,"href":"https:\/\/countrysitespain.internationalcoachingcommunity.com\/en\/wp-json\/wp\/v2\/comments?post=42"}],"version-history":[{"count":40,"href":"https:\/\/countrysitespain.internationalcoachingcommunity.com\/en\/wp-json\/wp\/v2\/pages\/42\/revisions"}],"predecessor-version":[{"id":51071,"href":"https:\/\/countrysitespain.internationalcoachingcommunity.com\/en\/wp-json\/wp\/v2\/pages\/42\/revisions\/51071"}],"wp:attachment":[{"href":"https:\/\/countrysitespain.internationalcoachingcommunity.com\/en\/wp-json\/wp\/v2\/media?parent=42"}],"curies":[{"name":"wp","href":"https:\/\/api.w.org\/{rel}","templated":true}]}}