{"id":596,"date":"2014-02-18T19:29:06","date_gmt":"2014-02-18T19:29:06","guid":{"rendered":"http:\/\/countrysitespain.internationalcoachingcommunity.com\/?page_id=596"},"modified":"2016-06-30T11:02:56","modified_gmt":"2016-06-30T11:02:56","slug":"academia-icc","status":"publish","type":"page","link":"https:\/\/countrysitespain.internationalcoachingcommunity.com\/academia-icc\/","title":{"rendered":"Academia ICC"},"content":{"rendered":"<p>[vc_row][vc_column width=&#8221;1\/1&#8243;][vc_column_text]<br \/>\n<img loading=\"lazy\" decoding=\"async\" class=\"alignnone size-full wp-image-670\" src=\"http:\/\/countrysitespain.internationalcoachingcommunity.com\/wp-content\/uploads\/2014\/02\/heading-distance-learning.jpg\" alt=\"Programas a Distancia ICC\" width=\"880\" height=\"265\" srcset=\"https:\/\/countrysitespain.internationalcoachingcommunity.com\/wp-content\/uploads\/sites\/37\/2014\/02\/heading-distance-learning.jpg 880w, https:\/\/countrysitespain.internationalcoachingcommunity.com\/wp-content\/uploads\/sites\/37\/2014\/02\/heading-distance-learning-520x156.jpg 520w, https:\/\/countrysitespain.internationalcoachingcommunity.com\/wp-content\/uploads\/sites\/37\/2014\/02\/heading-distance-learning-258x77.jpg 258w\" sizes=\"auto, (max-width: 880px) 100vw, 880px\" \/><br \/>\n[\/vc_column_text][\/vc_column][\/vc_row][vc_row][vc_column width=&#8221;1\/1&#8243;][vc_column_text]<\/p>\n<h2>Practice Building for Executive Coaching<\/h2>\n<p><img loading=\"lazy\" decoding=\"async\" class=\"size-full wp-image-253 alignleft\" style=\"margin-left: 5px; margin-right: 5px;\" src=\"http:\/\/countrysitespain.internationalcoachingcommunity.com\/wp-content\/uploads\/2013\/10\/staff-joseph.jpg\" alt=\"Joseph O'Connor\" width=\"180\" height=\"197\" \/><\/p>\n<p><strong>Join Joseph O&#8217;Connor to build your executive coaching practice!<\/strong><\/p>\n<p>This series of premium webinars is for coaches who want to\u00a0build their practice as an executive coach.\u00a0The marketing and the mindset for gaining executive clients\u00a0is very different to other forms of coaching.\u00a0Every executive coach is different. Generic, unfocused marketing will not work. You need precise targeted action.\u00a0This series of three webinars will give you the &#8216;Four Ms&#8217; of a prosperous, successful executive coaching practice.<\/p>\n<p><strong>\u00a0<\/strong><\/p>\n<p><a href='https:\/\/www.internationalcoachingcommunity.com\/en\/academy\/practice-building-for-executive-coaching-2014' class='small-button smallblue'>Ver toda la informaci\u00f3n sobre el evento<\/a>[\/vc_column_text][vc_separator][vc_column_text]<\/p>\n<h2>Coaching for evolutions and leadership<\/h2>\n<p><strong><img loading=\"lazy\" decoding=\"async\" class=\" wp-image-576 alignleft\" style=\"margin: 5px;\" src=\"http:\/\/countrysitespain.internationalcoachingcommunity.com\/wp-content\/uploads\/2014\/02\/Daniel-Alvarez-2014.jpg\" alt=\"Daniel Alvarez Lamas\" width=\"180\" height=\"223\" srcset=\"https:\/\/countrysitespain.internationalcoachingcommunity.com\/wp-content\/uploads\/sites\/37\/2014\/02\/Daniel-Alvarez-2014.jpg 275w, https:\/\/countrysitespain.internationalcoachingcommunity.com\/wp-content\/uploads\/sites\/37\/2014\/02\/Daniel-Alvarez-2014-258x318.jpg 258w\" sizes=\"auto, (max-width: 180px) 100vw, 180px\" \/>Programa a Distancia dictado por Daniel Alvarez Lamas &#8211; ICC Trainer en Espa\u00f1a.<\/strong><\/p>\n<p>El proceso de Coaching 4 Evolutions es un innovador modelo para ayudar al cliente a alcanzar todo su potencial, que ha dise\u00f1ado y practicado Daniel \u00c1lvarez Lamas a partir de su investigaci\u00f3n de la Teor\u00eda del Desarrollo y su amplia experiencia en coaching, con la ayuda de Joseph O\u00b4Connor y Otto Laske.<\/p>\n<p><a href='https:\/\/www.internationalcoachingcommunity.com\/en\/academy\/coaching-for-evolutions-daniel-alvarez' class='small-button smallblue'>Ver toda la informaci\u00f3n sobre el evento<\/a>[\/vc_column_text][\/vc_column][\/vc_row][vc_row][vc_column width=&#8221;1\/1&#8243;][vc_separator][vc_column_text]<\/p>\n<h2><\/h2>\n<p>&nbsp;<\/p>\n","protected":false},"excerpt":{"rendered":"<p>[vc_row][vc_column width=&#8221;1\/1&#8243;][vc_column_text] [\/vc_column_text][\/vc_column][\/vc_row][vc_row][vc_column width=&#8221;1\/1&#8243;][vc_column_text] Practice Building for Executive Coaching Join Joseph O&#8217;Connor to build your executive coaching practice! This series of premium webinars is for coaches who want to\u00a0build their practice as an executive coach.\u00a0The marketing and the mindset for gaining executive clients\u00a0is very different to other forms of coaching.\u00a0Every executive coach is different. Generic, [&hellip;]<\/p>\n","protected":false},"author":1,"featured_media":0,"parent":0,"menu_order":0,"comment_status":"closed","ping_status":"closed","template":"","meta":{"_acf_changed":false,"_et_pb_use_builder":"","_et_pb_old_content":"","_et_gb_content_width":"","footnotes":""},"class_list":["post-596","page","type-page","status-publish","hentry"],"acf":[],"_links":{"self":[{"href":"https:\/\/countrysitespain.internationalcoachingcommunity.com\/en\/wp-json\/wp\/v2\/pages\/596","targetHints":{"allow":["GET"]}}],"collection":[{"href":"https:\/\/countrysitespain.internationalcoachingcommunity.com\/en\/wp-json\/wp\/v2\/pages"}],"about":[{"href":"https:\/\/countrysitespain.internationalcoachingcommunity.com\/en\/wp-json\/wp\/v2\/types\/page"}],"author":[{"embeddable":true,"href":"https:\/\/countrysitespain.internationalcoachingcommunity.com\/en\/wp-json\/wp\/v2\/users\/1"}],"replies":[{"embeddable":true,"href":"https:\/\/countrysitespain.internationalcoachingcommunity.com\/en\/wp-json\/wp\/v2\/comments?post=596"}],"version-history":[{"count":24,"href":"https:\/\/countrysitespain.internationalcoachingcommunity.com\/en\/wp-json\/wp\/v2\/pages\/596\/revisions"}],"predecessor-version":[{"id":1558,"href":"https:\/\/countrysitespain.internationalcoachingcommunity.com\/en\/wp-json\/wp\/v2\/pages\/596\/revisions\/1558"}],"wp:attachment":[{"href":"https:\/\/countrysitespain.internationalcoachingcommunity.com\/en\/wp-json\/wp\/v2\/media?parent=596"}],"curies":[{"name":"wp","href":"https:\/\/api.w.org\/{rel}","templated":true}]}}