{"id":737,"date":"2014-02-21T18:23:51","date_gmt":"2014-02-21T18:23:51","guid":{"rendered":"http:\/\/countrysitespain.internationalcoachingcommunity.com\/?page_id=737"},"modified":"2014-02-21T18:38:54","modified_gmt":"2014-02-21T18:38:54","slug":"test-academy","status":"publish","type":"page","link":"https:\/\/countrysitespain.internationalcoachingcommunity.com\/test-academy\/","title":{"rendered":"test academy"},"content":{"rendered":"<p>[vc_row][vc_column width=&#8221;1\/1&#8243;][vc_column_text]<br \/>\n<img loading=\"lazy\" decoding=\"async\" class=\"alignnone size-full wp-image-670\" alt=\"Programas a Distancia ICC\" src=\"http:\/\/countrysitespain.internationalcoachingcommunity.com\/wp-content\/uploads\/2014\/02\/heading-distance-learning.jpg\" width=\"880\" height=\"265\" srcset=\"https:\/\/countrysitespain.internationalcoachingcommunity.com\/wp-content\/uploads\/sites\/37\/2014\/02\/heading-distance-learning.jpg 880w, https:\/\/countrysitespain.internationalcoachingcommunity.com\/wp-content\/uploads\/sites\/37\/2014\/02\/heading-distance-learning-520x156.jpg 520w, https:\/\/countrysitespain.internationalcoachingcommunity.com\/wp-content\/uploads\/sites\/37\/2014\/02\/heading-distance-learning-258x77.jpg 258w\" sizes=\"auto, (max-width: 880px) 100vw, 880px\" \/><br \/>\n[\/vc_column_text][\/vc_column][\/vc_row][vc_row][vc_column width=&#8221;1\/1&#8243;][vc_column_text]<\/p>\n<p><iframe loading=\"lazy\" src=\"http:\/\/www.internationalcoachingcommunity.com\/apps\/mobile\/index.php\" width=\"100%\" height=\"500\"><\/iframe><br \/>\n[\/vc_column_text][\/vc_column][\/vc_row][vc_row][vc_column width=&#8221;1\/1&#8243;][vc_separator][vc_column_text]<\/p>\n<h2>Cont\u00e1ctenos<\/h2>\n<p>Env\u00edenos sus consultas a trav\u00e9s del siguiente formulario:[\/vc_column_text]<p class=\"wpcf7-contact-form-not-found\"><strong>Error:<\/strong> Contact form not found.<\/p>[\/vc_column][\/vc_row]<\/p>\n","protected":false},"excerpt":{"rendered":"<p>[vc_row][vc_column width=&#8221;1\/1&#8243;][vc_column_text] [\/vc_column_text][\/vc_column][\/vc_row][vc_row][vc_column width=&#8221;1\/1&#8243;][vc_column_text] [\/vc_column_text][\/vc_column][\/vc_row][vc_row][vc_column width=&#8221;1\/1&#8243;][vc_separator][vc_column_text] Cont\u00e1ctenos Env\u00edenos sus consultas a trav\u00e9s del siguiente formulario:[\/vc_column_text][\/vc_column][\/vc_row]<\/p>\n","protected":false},"author":1,"featured_media":0,"parent":0,"menu_order":0,"comment_status":"closed","ping_status":"closed","template":"","meta":{"_acf_changed":false,"_et_pb_use_builder":"","_et_pb_old_content":"","_et_gb_content_width":"","footnotes":""},"class_list":["post-737","page","type-page","status-publish","hentry"],"acf":[],"_links":{"self":[{"href":"https:\/\/countrysitespain.internationalcoachingcommunity.com\/en\/wp-json\/wp\/v2\/pages\/737","targetHints":{"allow":["GET"]}}],"collection":[{"href":"https:\/\/countrysitespain.internationalcoachingcommunity.com\/en\/wp-json\/wp\/v2\/pages"}],"about":[{"href":"https:\/\/countrysitespain.internationalcoachingcommunity.com\/en\/wp-json\/wp\/v2\/types\/page"}],"author":[{"embeddable":true,"href":"https:\/\/countrysitespain.internationalcoachingcommunity.com\/en\/wp-json\/wp\/v2\/users\/1"}],"replies":[{"embeddable":true,"href":"https:\/\/countrysitespain.internationalcoachingcommunity.com\/en\/wp-json\/wp\/v2\/comments?post=737"}],"version-history":[{"count":4,"href":"https:\/\/countrysitespain.internationalcoachingcommunity.com\/en\/wp-json\/wp\/v2\/pages\/737\/revisions"}],"predecessor-version":[{"id":741,"href":"https:\/\/countrysitespain.internationalcoachingcommunity.com\/en\/wp-json\/wp\/v2\/pages\/737\/revisions\/741"}],"wp:attachment":[{"href":"https:\/\/countrysitespain.internationalcoachingcommunity.com\/en\/wp-json\/wp\/v2\/media?parent=737"}],"curies":[{"name":"wp","href":"https:\/\/api.w.org\/{rel}","templated":true}]}}