{"id":823,"date":"2014-02-28T17:18:35","date_gmt":"2014-02-28T17:18:35","guid":{"rendered":"http:\/\/countrysitespain.internationalcoachingcommunity.com\/?page_id=823"},"modified":"2014-05-14T11:37:49","modified_gmt":"2014-05-14T11:37:49","slug":"reestablecer-clave-de-campus-virtual","status":"publish","type":"page","link":"https:\/\/countrysitespain.internationalcoachingcommunity.com\/reestablecer-clave-de-campus-virtual\/","title":{"rendered":"Restablecer Clave de Campus Virtual"},"content":{"rendered":"<h3>Restablece tu clave de acceso al Campus Virtual de ICC<\/h3>\n<p>Si est\u00e1s en proceso de certificaci\u00f3n y olvidaste o tienes problema con tu clave de acceso al Campus Virtual de ICC, por favor utiliza esta p\u00e1gina para restablecer tu acceso.<\/p>\n<p>Completa tu direcci\u00f3n de correo electr\u00f3nico informado a ICC aqu\u00ed debajo y recibir\u00e1s un email con los datos de acceso.<\/p>\n<p>Por favor, recuerda verificar en la carpeta de correo no deseado, si no recibes este email en unos minutos.<\/p>\n<p><iframe loading=\"lazy\" src=\"http:\/\/www.internationalcoachingcommunity.com\/apps\/servicemember\/trainingcampus_reset.php\" width=\"100%\" height=\"100%\"><\/iframe><\/p>\n","protected":false},"excerpt":{"rendered":"<p>Restablece tu clave de acceso al Campus Virtual de ICC Si est\u00e1s en proceso de certificaci\u00f3n y olvidaste o tienes problema con tu clave de acceso al Campus Virtual de ICC, por favor utiliza esta p\u00e1gina para restablecer tu acceso. Completa tu direcci\u00f3n de correo electr\u00f3nico informado a ICC aqu\u00ed debajo y recibir\u00e1s un email [&hellip;]<\/p>\n","protected":false},"author":1,"featured_media":0,"parent":0,"menu_order":0,"comment_status":"closed","ping_status":"closed","template":"","meta":{"_acf_changed":false,"_et_pb_use_builder":"","_et_pb_old_content":"","_et_gb_content_width":"","footnotes":""},"class_list":["post-823","page","type-page","status-publish","hentry"],"acf":[],"_links":{"self":[{"href":"https:\/\/countrysitespain.internationalcoachingcommunity.com\/en\/wp-json\/wp\/v2\/pages\/823","targetHints":{"allow":["GET"]}}],"collection":[{"href":"https:\/\/countrysitespain.internationalcoachingcommunity.com\/en\/wp-json\/wp\/v2\/pages"}],"about":[{"href":"https:\/\/countrysitespain.internationalcoachingcommunity.com\/en\/wp-json\/wp\/v2\/types\/page"}],"author":[{"embeddable":true,"href":"https:\/\/countrysitespain.internationalcoachingcommunity.com\/en\/wp-json\/wp\/v2\/users\/1"}],"replies":[{"embeddable":true,"href":"https:\/\/countrysitespain.internationalcoachingcommunity.com\/en\/wp-json\/wp\/v2\/comments?post=823"}],"version-history":[{"count":4,"href":"https:\/\/countrysitespain.internationalcoachingcommunity.com\/en\/wp-json\/wp\/v2\/pages\/823\/revisions"}],"predecessor-version":[{"id":954,"href":"https:\/\/countrysitespain.internationalcoachingcommunity.com\/en\/wp-json\/wp\/v2\/pages\/823\/revisions\/954"}],"wp:attachment":[{"href":"https:\/\/countrysitespain.internationalcoachingcommunity.com\/en\/wp-json\/wp\/v2\/media?parent=823"}],"curies":[{"name":"wp","href":"https:\/\/api.w.org\/{rel}","templated":true}]}}