{"id":835,"date":"2014-02-28T18:18:53","date_gmt":"2014-02-28T18:18:53","guid":{"rendered":"http:\/\/countrysitespain.internationalcoachingcommunity.com\/?page_id=835"},"modified":"2017-09-13T19:54:17","modified_gmt":"2017-09-13T19:54:17","slug":"actualizar-tu-perfil-como-coach","status":"publish","type":"page","link":"https:\/\/countrysitespain.internationalcoachingcommunity.com\/actualizar-tu-perfil-como-coach\/","title":{"rendered":"Tu perfil como Coach"},"content":{"rendered":"<p>[et_pb_section bb_built=&#8221;1&#8243; fullwidth=&#8221;on&#8221; specialty=&#8221;off&#8221;][et_pb_fullwidth_slider show_arrows=&#8221;on&#8221; show_pagination=&#8221;on&#8221; auto=&#8221;off&#8221; auto_ignore_hover=&#8221;off&#8221; parallax=&#8221;off&#8221; parallax_method=&#8221;off&#8221; remove_inner_shadow=&#8221;off&#8221; background_position=&#8221;default&#8221; background_size=&#8221;default&#8221; hide_content_on_mobile=&#8221;off&#8221; hide_cta_on_mobile=&#8221;off&#8221; show_image_video_mobile=&#8221;off&#8221; custom_button=&#8221;off&#8221; button_letter_spacing=&#8221;0&#8243; button_use_icon=&#8221;default&#8221; button_icon_placement=&#8221;right&#8221; button_on_hover=&#8221;on&#8221; button_letter_spacing_hover=&#8221;0&#8243;]<\/p>\n<p>[et_pb_slide background_image=&#8221;http:\/\/countrysitespain.internationalcoachingcommunity.com\/wp-content\/uploads\/sites\/37\/2017\/09\/11profile_INT.jpg&#8221; background_position=&#8221;default&#8221; background_size=&#8221;default&#8221; background_color=&#8221;#ffffff&#8221; use_bg_overlay=&#8221;off&#8221; use_text_overlay=&#8221;off&#8221; alignment=&#8221;center&#8221; background_layout=&#8221;dark&#8221; allow_player_pause=&#8221;off&#8221; text_border_radius=&#8221;3&#8243; header_font_select=&#8221;default&#8221; header_font=&#8221;||||&#8221; body_font_select=&#8221;default&#8221; body_font=&#8221;||||&#8221; custom_button=&#8221;off&#8221; button_font_select=&#8221;default&#8221; button_font=&#8221;||||&#8221; button_use_icon=&#8221;default&#8221; button_icon_placement=&#8221;right&#8221; button_on_hover=&#8221;on&#8221; admin_title=&#8221;Profile banner&#8221;] [\/et_pb_slide]<\/p>\n<p>[\/et_pb_fullwidth_slider][et_pb_fullwidth_header admin_label=&#8221;Actualizar tu Perfil Profesional como Coach Header&#8221; title=&#8221;Tu perfil como Coach&#8221; background_layout=&#8221;dark&#8221; text_orientation=&#8221;left&#8221; header_fullscreen=&#8221;off&#8221; header_scroll_down=&#8221;off&#8221; background_color=&#8221;#7fafc0&#8243; content_orientation=&#8221;center&#8221; image_orientation=&#8221;center&#8221; custom_button_one=&#8221;off&#8221; button_one_letter_spacing=&#8221;0&#8243; button_one_icon_placement=&#8221;right&#8221; button_one_letter_spacing_hover=&#8221;0&#8243; custom_button_two=&#8221;off&#8221; button_two_letter_spacing=&#8221;0&#8243; button_two_icon_placement=&#8221;right&#8221; button_two_letter_spacing_hover=&#8221;0&#8243; _builder_version=&#8221;3.0.69&#8243; \/][\/et_pb_section][et_pb_section bb_built=&#8221;1&#8243; admin_label=&#8221;section&#8221; fullwidth=&#8221;off&#8221; specialty=&#8221;on&#8221;][et_pb_column type=&#8221;3_4&#8243; specialty_columns=&#8221;3&#8243;][et_pb_row_inner][et_pb_column_inner type=&#8221;4_4&#8243; saved_specialty_column_type=&#8221;3_4&#8243;][et_pb_text background_layout=&#8221;light&#8221; text_orientation=&#8221;left&#8221; border_style=&#8221;solid&#8221; _builder_version=&#8221;3.0.69&#8243;]<\/p>\n<h3>Actualiza tu perfil profesional como Coach<\/h3>\n<p>&nbsp;<\/p>\n<p>Esta p\u00e1gina te permite actualizar la informaci\u00f3n de tu perfil personal que ser\u00e1 mostrada en los resultados de la p\u00e1gina \u201cBuscar un Coach\u201d.<\/p>\n<p>La informaci\u00f3n que ingreses ser\u00e1 utilizada cuando alguien vea tu perfil personal en la B\u00fasqueda de Coaches.<\/p>\n<p>Recuerda que puedes activar y desactivar tu perfil en caso de que no quieras aparecer en los listados.<\/p>\n<p>[\/et_pb_text][et_pb_code _builder_version=&#8221;3.0.69&#8243;]&lt;iframe src=&quot;http:\/\/www.internationalcoachingcommunity.com\/apps\/coach\/coach_login.php?filters=ON&amp;country=202&amp;lang=spanish&quot; width=&quot;100%&quot; height=&quot;300&quot; scrolling=&quot;auto&quot;&gt;&lt;\/iframe&gt;[\/et_pb_code][\/et_pb_column_inner][\/et_pb_row_inner][\/et_pb_column][et_pb_column type=&#8221;1_4&#8243;][et_pb_sidebar orientation=&#8221;right&#8221; area=&#8221;et_pb_widget_area_15&#8243; background_layout=&#8221;light&#8221; \/][\/et_pb_column][\/et_pb_section][et_pb_section bb_built=&#8221;1&#8243; admin_label=&#8221;section&#8221; transparent_background=&#8221;off&#8221; background_color=&#8221;#7fafc0&#8243; allow_player_pause=&#8221;off&#8221; inner_shadow=&#8221;off&#8221; parallax=&#8221;off&#8221; parallax_method=&#8221;on&#8221; padding_mobile=&#8221;off&#8221; make_fullwidth=&#8221;off&#8221; use_custom_width=&#8221;off&#8221; width_unit=&#8221;off&#8221; make_equal=&#8221;off&#8221; use_custom_gutter=&#8221;off&#8221; fullwidth=&#8221;off&#8221; specialty=&#8221;off&#8221; disabled=&#8221;off&#8221;][et_pb_row admin_label=&#8221;row&#8221; make_fullwidth=&#8221;off&#8221; use_custom_width=&#8221;off&#8221; width_unit=&#8221;off&#8221; custom_width_px=&#8221;1080px&#8221; custom_width_percent=&#8221;80%&#8221; use_custom_gutter=&#8221;off&#8221; gutter_width=&#8221;3&#8243; padding_mobile=&#8221;off&#8221; allow_player_pause=&#8221;off&#8221; parallax=&#8221;off&#8221; parallax_method=&#8221;on&#8221; make_equal=&#8221;off&#8221; column_padding_mobile=&#8221;on&#8221; parallax_1=&#8221;off&#8221; parallax_method_1=&#8221;on&#8221; parallax_2=&#8221;off&#8221; parallax_method_2=&#8221;on&#8221; parallax_3=&#8221;off&#8221; parallax_method_3=&#8221;on&#8221; parallax_4=&#8221;off&#8221; parallax_method_4=&#8221;on&#8221; disabled=&#8221;off&#8221; background_position=&#8221;top_left&#8221; background_repeat=&#8221;repeat&#8221; background_size=&#8221;initial&#8221;][et_pb_column type=&#8221;4_4&#8243;][et_pb_text background_layout=&#8221;dark&#8221; text_orientation=&#8221;left&#8221; border_style=&#8221;solid&#8221; disabled=&#8221;off&#8221; text_line_height=&#8221;3em&#8221; background_position=&#8221;top_left&#8221; background_repeat=&#8221;repeat&#8221; background_size=&#8221;initial&#8221; _builder_version=&#8221;3.0.69&#8243;]<\/p>\n<h2>Obtener m\u00e1s informaciones<\/h2>\n<p>Solicita m\u00e1s informaci\u00f3n y te contactaremos a la brevedad.<\/p>\n\n<div class=\"wpcf7 no-js\" id=\"wpcf7-f49949-o1\" lang=\"en-US\" dir=\"ltr\" data-wpcf7-id=\"49949\">\n<div class=\"screen-reader-response\"><p role=\"status\" aria-live=\"polite\" aria-atomic=\"true\"><\/p> <ul><\/ul><\/div>\n<form action=\"\/en\/wp-json\/wp\/v2\/pages\/835#wpcf7-f49949-o1\" method=\"post\" class=\"wpcf7-form init\" aria-label=\"Contact form\" novalidate=\"novalidate\" data-status=\"init\">\n<fieldset class=\"hidden-fields-container\"><input type=\"hidden\" name=\"_wpcf7\" value=\"49949\" \/><input type=\"hidden\" name=\"_wpcf7_version\" value=\"6.1.4\" \/><input type=\"hidden\" name=\"_wpcf7_locale\" value=\"en_US\" \/><input type=\"hidden\" name=\"_wpcf7_unit_tag\" value=\"wpcf7-f49949-o1\" \/><input type=\"hidden\" name=\"_wpcf7_container_post\" value=\"0\" \/><input type=\"hidden\" name=\"_wpcf7_posted_data_hash\" value=\"\" \/>\n<\/fieldset>\n<p><label>Nombre<br \/>\n<span class=\"wpcf7-form-control-wrap\" data-name=\"infusionsoft-first-name\"><input size=\"40\" maxlength=\"400\" class=\"wpcf7-form-control wpcf7-text wpcf7-validates-as-required input\" aria-required=\"true\" aria-invalid=\"false\" placeholder=\"Su Nombre...\" value=\"\" type=\"text\" name=\"infusionsoft-first-name\" \/><\/span> <\/label>\n<\/p>\n<p><label>Apellido<br \/>\n<span class=\"wpcf7-form-control-wrap\" data-name=\"infusionsoft-last-name\"><input size=\"40\" maxlength=\"400\" class=\"wpcf7-form-control wpcf7-text wpcf7-validates-as-required input\" aria-required=\"true\" aria-invalid=\"false\" placeholder=\"Su Apellido...\" value=\"\" type=\"text\" name=\"infusionsoft-last-name\" \/><\/span> <\/label>\n<\/p>\n<p><label>Correo<br \/>\n<span class=\"wpcf7-form-control-wrap\" data-name=\"infusionsoft-email\"><input size=\"40\" maxlength=\"400\" class=\"wpcf7-form-control wpcf7-email wpcf7-validates-as-required wpcf7-text wpcf7-validates-as-email input\" aria-required=\"true\" aria-invalid=\"false\" placeholder=\"Su Correo...\" value=\"\" type=\"email\" name=\"infusionsoft-email\" \/><\/span> <\/label>\n<\/p>\n<p><label>Tema<br \/>\n<span class=\"wpcf7-form-control-wrap\" data-name=\"suject\"><select class=\"wpcf7-form-control wpcf7-select wpcf7-validates-as-required\" aria-required=\"true\" aria-invalid=\"false\" name=\"suject\"><option value=\"\">Elija un tema<\/option><option value=\"Entrenamientos en mi pa\u00eds\">Entrenamientos en mi pa\u00eds<\/option><option value=\"Asociaciones y Alianzas\">Asociaciones y Alianzas<\/option><option value=\"Buscar un coach ICC\">Buscar un coach ICC<\/option><option value=\"Patrocinar certificaciones de ICC en su pa\u00eds\">Patrocinar certificaciones de ICC en su pa\u00eds<\/option><option value=\"Feedbacks y comentarios\">Feedbacks y comentarios<\/option><option value=\"Sobre la Certificaci\u00f3n Internacional\">Sobre la Certificaci\u00f3n Internacional<\/option><option value=\"Sobre el Coaching de Equipos\">Sobre el Coaching de Equipos<\/option><option value=\"Sobre el Coaching Ejecutivo\">Sobre el Coaching Ejecutivo<\/option><option value=\"Sobre el Coaching de Negocios\">Sobre el Coaching de Negocios<\/option><option value=\"Sobre el Coaching de Vida\">Sobre el Coaching de Vida<\/option><option value=\"Informaci\u00f3n general\">Informaci\u00f3n general<\/option><\/select><\/span> <\/label>\n<\/p>\n<p><label>Mensaje<br \/>\n<span class=\"wpcf7-form-control-wrap\" data-name=\"infusionsoft-notes\"><textarea cols=\"40\" rows=\"10\" maxlength=\"2000\" class=\"wpcf7-form-control wpcf7-textarea wpcf7-validates-as-required input\" aria-required=\"true\" aria-invalid=\"false\" placeholder=\"Su Mensaje...\" name=\"infusionsoft-notes\"><\/textarea><\/span> <\/label>\n<\/p>\n<p><div id=\"cf7sr-69d618b90bbf5\" class=\"cf7sr-g-recaptcha\" data-theme=\"light\" data-type=\"image\" data-size=\"normal\" data-sitekey=\"6LcCf0UUAAAAACQXqDeaTu6WURXrjXbhdnML5nng\"><\/div><span class=\"wpcf7-form-control-wrap cf7sr-recaptcha\" data-name=\"cf7sr-recaptcha\"><input type=\"hidden\" name=\"cf7sr-recaptcha\" value=\"\" class=\"wpcf7-form-control\"><\/span>\n<\/p>\n<p><input class=\"wpcf7-form-control wpcf7-submit has-spinner wpcf7-submitportfolio\" type=\"submit\" value=\"Enviar\" \/>\n<\/p><div class=\"wpcf7-response-output\" aria-hidden=\"true\"><\/div>\n<\/form>\n<\/div>\n\n<p>[\/et_pb_text][\/et_pb_column][\/et_pb_row][\/et_pb_section]<\/p>\n","protected":false},"excerpt":{"rendered":"<p>Actualiza tu perfil profesional como Coach&nbsp;Esta p\u00e1gina te permite actualizar la informaci\u00f3n de tu perfil personal que ser\u00e1 mostrada en los resultados de la p\u00e1gina \u201cBuscar un Coach\u201d.La informaci\u00f3n que ingreses ser\u00e1 utilizada cuando alguien vea tu perfil personal en la B\u00fasqueda de Coaches.Recuerda que puedes activar y desactivar tu perfil en caso de que [&hellip;]<\/p>\n","protected":false},"author":1,"featured_media":0,"parent":0,"menu_order":0,"comment_status":"closed","ping_status":"closed","template":"","meta":{"_acf_changed":false,"_et_pb_use_builder":"on","_et_pb_old_content":"<h3>Actualiza tu perfil profesional como Coach<\/h3>\r\nEsta p\u00e1gina te permite actualizar la informaci\u00f3n de tu perfil personal que ser\u00e1 mostrada en los resultados de la p\u00e1gina \"Buscar un Coach\".\r\n\r\nLa informaci\u00f3n que ingreses ser\u00e1 utilizada cuando alguien vea tu perfil personal en la B\u00fasqueda de Coaches.\r\n\r\n<span style=\"line-height: 1.5em;\">Recuerda que puedes activar y desactivar tu perfil en caso de que no quieras aparecer en los listados.<\/span>\r\n\r\n<iframe src=\"http:\/\/www.internationalcoachingcommunity.com\/apps\/coach\/coach_login.php?lang=spanish\" width=\"100%\" height=\"800\" scrolling=\"auto\"><\/iframe>","_et_gb_content_width":"","footnotes":""},"class_list":["post-835","page","type-page","status-publish","hentry"],"acf":[],"_links":{"self":[{"href":"https:\/\/countrysitespain.internationalcoachingcommunity.com\/en\/wp-json\/wp\/v2\/pages\/835","targetHints":{"allow":["GET"]}}],"collection":[{"href":"https:\/\/countrysitespain.internationalcoachingcommunity.com\/en\/wp-json\/wp\/v2\/pages"}],"about":[{"href":"https:\/\/countrysitespain.internationalcoachingcommunity.com\/en\/wp-json\/wp\/v2\/types\/page"}],"author":[{"embeddable":true,"href":"https:\/\/countrysitespain.internationalcoachingcommunity.com\/en\/wp-json\/wp\/v2\/users\/1"}],"replies":[{"embeddable":true,"href":"https:\/\/countrysitespain.internationalcoachingcommunity.com\/en\/wp-json\/wp\/v2\/comments?post=835"}],"version-history":[{"count":11,"href":"https:\/\/countrysitespain.internationalcoachingcommunity.com\/en\/wp-json\/wp\/v2\/pages\/835\/revisions"}],"predecessor-version":[{"id":51085,"href":"https:\/\/countrysitespain.internationalcoachingcommunity.com\/en\/wp-json\/wp\/v2\/pages\/835\/revisions\/51085"}],"wp:attachment":[{"href":"https:\/\/countrysitespain.internationalcoachingcommunity.com\/en\/wp-json\/wp\/v2\/media?parent=835"}],"curies":[{"name":"wp","href":"https:\/\/api.w.org\/{rel}","templated":true}]}}