{"id":867,"date":"2014-05-05T19:00:39","date_gmt":"2014-05-05T19:00:39","guid":{"rendered":"http:\/\/countrysitespain.internationalcoachingcommunity.com\/?page_id=867"},"modified":"2014-05-05T19:00:39","modified_gmt":"2014-05-05T19:00:39","slug":"academy-enrollment-thanks","status":"publish","type":"page","link":"https:\/\/countrysitespain.internationalcoachingcommunity.com\/academy-enrollment-thanks\/","title":{"rendered":"Gracias por su inscripci\u00f3n"},"content":{"rendered":"<p>Ha completado su inscripci\u00f3n con \u00e9xito para el programa<br \/>\n[paymentResult language=&#8221;es_LA&#8221;]<\/p>\n","protected":false},"excerpt":{"rendered":"<p>Ha completado su inscripci\u00f3n con \u00e9xito para el programa [paymentResult language=&#8221;es_LA&#8221;]<\/p>\n","protected":false},"author":3,"featured_media":0,"parent":0,"menu_order":0,"comment_status":"closed","ping_status":"closed","template":"","meta":{"_acf_changed":false,"_et_pb_use_builder":"","_et_pb_old_content":"","_et_gb_content_width":"","footnotes":""},"class_list":["post-867","page","type-page","status-publish","hentry"],"acf":[],"_links":{"self":[{"href":"https:\/\/countrysitespain.internationalcoachingcommunity.com\/en\/wp-json\/wp\/v2\/pages\/867","targetHints":{"allow":["GET"]}}],"collection":[{"href":"https:\/\/countrysitespain.internationalcoachingcommunity.com\/en\/wp-json\/wp\/v2\/pages"}],"about":[{"href":"https:\/\/countrysitespain.internationalcoachingcommunity.com\/en\/wp-json\/wp\/v2\/types\/page"}],"author":[{"embeddable":true,"href":"https:\/\/countrysitespain.internationalcoachingcommunity.com\/en\/wp-json\/wp\/v2\/users\/3"}],"replies":[{"embeddable":true,"href":"https:\/\/countrysitespain.internationalcoachingcommunity.com\/en\/wp-json\/wp\/v2\/comments?post=867"}],"version-history":[{"count":6,"href":"https:\/\/countrysitespain.internationalcoachingcommunity.com\/en\/wp-json\/wp\/v2\/pages\/867\/revisions"}],"predecessor-version":[{"id":899,"href":"https:\/\/countrysitespain.internationalcoachingcommunity.com\/en\/wp-json\/wp\/v2\/pages\/867\/revisions\/899"}],"wp:attachment":[{"href":"https:\/\/countrysitespain.internationalcoachingcommunity.com\/en\/wp-json\/wp\/v2\/media?parent=867"}],"curies":[{"name":"wp","href":"https:\/\/api.w.org\/{rel}","templated":true}]}}