{"id":984,"date":"2017-02-27T15:14:57","date_gmt":"2017-02-27T15:14:57","guid":{"rendered":"http:\/\/countrysitespain.internationalcoachingcommunity.com\/?page_id=984"},"modified":"2017-08-29T16:20:05","modified_gmt":"2017-08-29T16:20:05","slug":"instituto-ben-pensante-2","status":"publish","type":"page","link":"https:\/\/countrysitespain.internationalcoachingcommunity.com\/instituto-ben-pensante-2\/","title":{"rendered":"Instituto Ben Pensante"},"content":{"rendered":"<p>[et_pb_section bb_built=&#8221;1&#8243; padding_mobile=&#8221;off&#8221; fullwidth=&#8221;on&#8221;][et_pb_fullwidth_slider show_arrows=&#8221;on&#8221; show_pagination=&#8221;on&#8221; auto=&#8221;off&#8221; auto_ignore_hover=&#8221;off&#8221; parallax=&#8221;off&#8221; parallax_method=&#8221;off&#8221; remove_inner_shadow=&#8221;off&#8221; background_position=&#8221;default&#8221; background_size=&#8221;default&#8221; hide_content_on_mobile=&#8221;off&#8221; hide_cta_on_mobile=&#8221;off&#8221; show_image_video_mobile=&#8221;off&#8221; custom_button=&#8221;off&#8221; button_letter_spacing=&#8221;0&#8243; button_use_icon=&#8221;default&#8221; button_icon_placement=&#8221;right&#8221; button_on_hover=&#8221;on&#8221; button_letter_spacing_hover=&#8221;0&#8243;] [et_pb_slide background_image=&#8221;http:\/\/countrysitespain.internationalcoachingcommunity.com\/wp-content\/uploads\/sites\/37\/2017\/08\/13global_ES.jpg&#8221; use_bg_overlay=&#8221;off&#8221; use_text_overlay=&#8221;off&#8221; header_font=&#8221;||||&#8221; body_font=&#8221;||||&#8221; custom_button=&#8221;off&#8221; button_icon_placement=&#8221;right&#8221; button_on_hover=&#8221;on&#8221; background_position=&#8221;default&#8221; background_size=&#8221;default&#8221; background_color=&#8221;#ffffff&#8221; alignment=&#8221;center&#8221; background_layout=&#8221;dark&#8221; allow_player_pause=&#8221;off&#8221; admin_title=&#8221;Global banner&#8221; text_border_radius=&#8221;3&#8243; header_font_select=&#8221;default&#8221; body_font_select=&#8221;default&#8221; button_font_select=&#8221;default&#8221; button_font=&#8221;||||&#8221; button_use_icon=&#8221;default&#8221;] [\/et_pb_slide][et_pb_slide background_image=&#8221;http:\/\/countrysitespain.internationalcoachingcommunity.com\/wp-content\/uploads\/sites\/37\/2017\/08\/6full_ES.jpg&#8221; use_bg_overlay=&#8221;off&#8221; use_text_overlay=&#8221;off&#8221; header_font=&#8221;||||&#8221; body_font=&#8221;||||&#8221; custom_button=&#8221;off&#8221; button_icon_placement=&#8221;right&#8221; button_on_hover=&#8221;on&#8221; background_position=&#8221;default&#8221; background_size=&#8221;default&#8221; background_color=&#8221;#ffffff&#8221; alignment=&#8221;center&#8221; background_layout=&#8221;dark&#8221; allow_player_pause=&#8221;off&#8221; admin_title=&#8221;Full training banner&#8221; text_border_radius=&#8221;3&#8243; header_font_select=&#8221;default&#8221; body_font_select=&#8221;default&#8221; button_font_select=&#8221;default&#8221; button_font=&#8221;||||&#8221; button_use_icon=&#8221;default&#8221;] [\/et_pb_slide][et_pb_slide background_image=&#8221;http:\/\/countrysitespain.internationalcoachingcommunity.com\/wp-content\/uploads\/sites\/37\/2017\/08\/7_eqa_ES.jpg&#8221; use_bg_overlay=&#8221;off&#8221; use_text_overlay=&#8221;off&#8221; header_font=&#8221;||||&#8221; body_font=&#8221;||||&#8221; custom_button=&#8221;off&#8221; button_icon_placement=&#8221;right&#8221; button_on_hover=&#8221;on&#8221; background_position=&#8221;default&#8221; background_size=&#8221;default&#8221; background_color=&#8221;#ffffff&#8221; alignment=&#8221;center&#8221; background_layout=&#8221;dark&#8221; allow_player_pause=&#8221;off&#8221; admin_title=&#8221;EQA banner&#8221; text_border_radius=&#8221;3&#8243; header_font_select=&#8221;default&#8221; body_font_select=&#8221;default&#8221; button_font_select=&#8221;default&#8221; button_font=&#8221;||||&#8221; button_use_icon=&#8221;default&#8221;] [\/et_pb_slide] [\/et_pb_fullwidth_slider][et_pb_fullwidth_header admin_label=&#8221;Instituto Ben Pensante&#8221; saved_tabs=&#8221;all&#8221; title=&#8221;Instituto Ben Pensante&#8221; background_layout=&#8221;dark&#8221; text_orientation=&#8221;left&#8221; header_fullscreen=&#8221;off&#8221; header_scroll_down=&#8221;off&#8221; background_color=&#8221;#7fafc0&#8243; content_orientation=&#8221;center&#8221; image_orientation=&#8221;center&#8221; custom_button_one=&#8221;off&#8221; button_one_letter_spacing=&#8221;0&#8243; button_one_icon_placement=&#8221;right&#8221; button_one_letter_spacing_hover=&#8221;0&#8243; custom_button_two=&#8221;off&#8221; button_two_letter_spacing=&#8221;0&#8243; button_two_icon_placement=&#8221;right&#8221; button_two_letter_spacing_hover=&#8221;0&#8243; _builder_version=&#8221;3.0.69&#8243; \/][\/et_pb_section][et_pb_section bb_built=&#8221;1&#8243; fullwidth=&#8221;off&#8221; specialty=&#8221;off&#8221;][et_pb_row][et_pb_column type=&#8221;4_4&#8243;][et_pb_text _builder_version=&#8221;3.0.69&#8243; background_layout=&#8221;light&#8221; text_orientation=&#8221;left&#8221; border_style=&#8221;solid&#8221; text_line_height=&#8221;2em&#8221; header_line_height=&#8221;2em&#8221;]<\/p>\n<h3>Instituto Ben Pensante y Parga Asociados son las entidades encargadas de organizar y promover las Certificaciones Internacionales de ICC en Espa\u00f1a.<\/h3>\n<p>[\/et_pb_text][\/et_pb_column][\/et_pb_row][et_pb_row][et_pb_column type=&#8221;2_3&#8243;][et_pb_text _builder_version=&#8221;3.0.69&#8243; background_layout=&#8221;light&#8221; text_orientation=&#8221;left&#8221; border_style=&#8221;solid&#8221;]<\/p>\n<p>Instituto Ben Pensante se funda para ofrecer crecimiento personal y profesional a todos aquellos que creen que el bienestar y el rendimiento se consiguen conjuntamente a partir del juego interno.<\/p>\n<p>Junto con Parga, su propuesta facilitar a nuestra sociedad m\u00e1s horas de coaching y mentoring, haciendo que sea algo tan habitual como ir a un restaurante o como llevar la contabilidad, y, sobre todo, que se haga muy bien.<\/p>\n<p>\u00bfSu meta? Conseguir que las empresas descubran el cambio de paradigma: cada persona es una fuente ilimitada de recursos y solo sobrevivir\u00e1n las empresas que potencien y canalicen TODO el talento de las personas que trabajan en ellas.<\/p>\n<p>Hay multitud de personas deseando ser profesionales del coaching, que es exactamente lo que se necesita en la actual situaci\u00f3n econ\u00f3mica y social. Ambas organizaciones destacan por su implicaci\u00f3n con ellos para que consigan resultados consistentes, ayudando a orientar su capacidad de emprendimiento.<\/p>\n<p>[\/et_pb_text][\/et_pb_column][et_pb_column type=&#8221;1_3&#8243;][et_pb_image _builder_version=&#8221;3.0.69&#8243; src=&#8221;http:\/\/countrysitespain.internationalcoachingcommunity.com\/wp-content\/uploads\/sites\/37\/2013\/07\/entidades.png&#8221; show_in_lightbox=&#8221;off&#8221; url_new_window=&#8221;off&#8221; use_overlay=&#8221;off&#8221; sticky=&#8221;off&#8221; align=&#8221;left&#8221; always_center_on_mobile=&#8221;on&#8221; border_style=&#8221;solid&#8221; force_fullwidth=&#8221;off&#8221; \/][\/et_pb_column][\/et_pb_row][et_pb_row][et_pb_column type=&#8221;4_4&#8243;][et_pb_text _builder_version=&#8221;3.0.69&#8243; background_layout=&#8221;light&#8221; text_orientation=&#8221;left&#8221; border_style=&#8221;solid&#8221;]<\/p>\n<p>en el coaching y el mentoring como los medios de intervenci\u00f3n m\u00e1s seguros, siempre que se complemente con otras fuentes. El profesional del coaching debe proveerse de herramientas a partir, por ejemplo, de la teor\u00eda del Desarrollo Adulto o la PNL, y nutrirse de campos como lo Corporal, el Storytelling, el Teatro, el Arte,\u2026<\/p>\n<p>Por eso, seleccionan y ofrecen las mejores metodolog\u00edas a nivel internacional, para que tambi\u00e9n puedan estar disponibles en nuestro pa\u00eds (en particular, del mundo anglosaj\u00f3n).<\/p>\n<p>[\/et_pb_text][et_pb_text _builder_version=&#8221;3.0.69&#8243; background_layout=&#8221;light&#8221; text_orientation=&#8221;left&#8221; border_style=&#8221;solid&#8221;]<\/p>\n<h4><strong>Puedes cambiar tu realidad, puedes ayudar a los dem\u00e1s. Hacerlo juntos har\u00e1 que lleguemos m\u00e1s all\u00e1 de donde ahora imaginas.<\/strong><\/h4>\n<p>[\/et_pb_text][\/et_pb_column][\/et_pb_row][\/et_pb_section][et_pb_section bb_built=&#8221;1&#8243; admin_label=&#8221;section&#8221; transparent_background=&#8221;off&#8221; background_color=&#8221;#7fafc0&#8243; allow_player_pause=&#8221;off&#8221; inner_shadow=&#8221;off&#8221; parallax=&#8221;off&#8221; parallax_method=&#8221;on&#8221; padding_mobile=&#8221;off&#8221; make_fullwidth=&#8221;off&#8221; use_custom_width=&#8221;off&#8221; width_unit=&#8221;off&#8221; make_equal=&#8221;off&#8221; use_custom_gutter=&#8221;off&#8221; fullwidth=&#8221;off&#8221; specialty=&#8221;off&#8221; disabled=&#8221;off&#8221;][et_pb_row admin_label=&#8221;row&#8221; make_fullwidth=&#8221;off&#8221; use_custom_width=&#8221;off&#8221; width_unit=&#8221;off&#8221; custom_width_px=&#8221;1080px&#8221; custom_width_percent=&#8221;80%&#8221; use_custom_gutter=&#8221;off&#8221; gutter_width=&#8221;3&#8243; padding_mobile=&#8221;off&#8221; allow_player_pause=&#8221;off&#8221; parallax=&#8221;off&#8221; parallax_method=&#8221;on&#8221; make_equal=&#8221;off&#8221; column_padding_mobile=&#8221;on&#8221; parallax_1=&#8221;off&#8221; parallax_method_1=&#8221;on&#8221; parallax_2=&#8221;off&#8221; parallax_method_2=&#8221;on&#8221; parallax_3=&#8221;off&#8221; parallax_method_3=&#8221;on&#8221; parallax_4=&#8221;off&#8221; parallax_method_4=&#8221;on&#8221; disabled=&#8221;off&#8221; background_position=&#8221;top_left&#8221; background_repeat=&#8221;repeat&#8221; background_size=&#8221;initial&#8221;][et_pb_column type=&#8221;4_4&#8243;][et_pb_text background_layout=&#8221;dark&#8221; text_orientation=&#8221;left&#8221; use_border_color=&#8221;off&#8221; border_style=&#8221;solid&#8221; disabled=&#8221;off&#8221; border_color=&#8221;#ffffff&#8221; text_line_height=&#8221;3em&#8221; background_position=&#8221;top_left&#8221; background_repeat=&#8221;repeat&#8221; background_size=&#8221;initial&#8221;]<\/p>\n<h2>Obtener m\u00e1s informaciones<\/h2>\n<p>Solicita m\u00e1s informaci\u00f3n y te contactaremos a la brevedad. \n<div class=\"wpcf7 no-js\" id=\"wpcf7-f49949-o1\" lang=\"en-US\" dir=\"ltr\" data-wpcf7-id=\"49949\">\n<div class=\"screen-reader-response\"><p role=\"status\" aria-live=\"polite\" aria-atomic=\"true\"><\/p> <ul><\/ul><\/div>\n<form action=\"\/en\/wp-json\/wp\/v2\/pages\/984#wpcf7-f49949-o1\" method=\"post\" class=\"wpcf7-form init\" aria-label=\"Contact form\" novalidate=\"novalidate\" data-status=\"init\">\n<fieldset class=\"hidden-fields-container\"><input type=\"hidden\" name=\"_wpcf7\" value=\"49949\" \/><input type=\"hidden\" name=\"_wpcf7_version\" value=\"6.1.4\" \/><input type=\"hidden\" name=\"_wpcf7_locale\" value=\"en_US\" \/><input type=\"hidden\" name=\"_wpcf7_unit_tag\" value=\"wpcf7-f49949-o1\" \/><input type=\"hidden\" name=\"_wpcf7_container_post\" value=\"0\" \/><input type=\"hidden\" name=\"_wpcf7_posted_data_hash\" value=\"\" \/>\n<\/fieldset>\n<p><label>Nombre<br \/>\n<span class=\"wpcf7-form-control-wrap\" data-name=\"infusionsoft-first-name\"><input size=\"40\" maxlength=\"400\" class=\"wpcf7-form-control wpcf7-text wpcf7-validates-as-required input\" aria-required=\"true\" aria-invalid=\"false\" placeholder=\"Su Nombre...\" value=\"\" type=\"text\" name=\"infusionsoft-first-name\" \/><\/span> <\/label>\n<\/p>\n<p><label>Apellido<br \/>\n<span class=\"wpcf7-form-control-wrap\" data-name=\"infusionsoft-last-name\"><input size=\"40\" maxlength=\"400\" class=\"wpcf7-form-control wpcf7-text wpcf7-validates-as-required input\" aria-required=\"true\" aria-invalid=\"false\" placeholder=\"Su Apellido...\" value=\"\" type=\"text\" name=\"infusionsoft-last-name\" \/><\/span> <\/label>\n<\/p>\n<p><label>Correo<br \/>\n<span class=\"wpcf7-form-control-wrap\" data-name=\"infusionsoft-email\"><input size=\"40\" maxlength=\"400\" class=\"wpcf7-form-control wpcf7-email wpcf7-validates-as-required wpcf7-text wpcf7-validates-as-email input\" aria-required=\"true\" aria-invalid=\"false\" placeholder=\"Su Correo...\" value=\"\" type=\"email\" name=\"infusionsoft-email\" \/><\/span> <\/label>\n<\/p>\n<p><label>Tema<br \/>\n<span class=\"wpcf7-form-control-wrap\" data-name=\"suject\"><select class=\"wpcf7-form-control wpcf7-select wpcf7-validates-as-required\" aria-required=\"true\" aria-invalid=\"false\" name=\"suject\"><option value=\"\">Elija un tema<\/option><option value=\"Entrenamientos en mi pa\u00eds\">Entrenamientos en mi pa\u00eds<\/option><option value=\"Asociaciones y Alianzas\">Asociaciones y Alianzas<\/option><option value=\"Buscar un coach ICC\">Buscar un coach ICC<\/option><option value=\"Patrocinar certificaciones de ICC en su pa\u00eds\">Patrocinar certificaciones de ICC en su pa\u00eds<\/option><option value=\"Feedbacks y comentarios\">Feedbacks y comentarios<\/option><option value=\"Sobre la Certificaci\u00f3n Internacional\">Sobre la Certificaci\u00f3n Internacional<\/option><option value=\"Sobre el Coaching de Equipos\">Sobre el Coaching de Equipos<\/option><option value=\"Sobre el Coaching Ejecutivo\">Sobre el Coaching Ejecutivo<\/option><option value=\"Sobre el Coaching de Negocios\">Sobre el Coaching de Negocios<\/option><option value=\"Sobre el Coaching de Vida\">Sobre el Coaching de Vida<\/option><option value=\"Informaci\u00f3n general\">Informaci\u00f3n general<\/option><\/select><\/span> <\/label>\n<\/p>\n<p><label>Mensaje<br \/>\n<span class=\"wpcf7-form-control-wrap\" data-name=\"infusionsoft-notes\"><textarea cols=\"40\" rows=\"10\" maxlength=\"2000\" class=\"wpcf7-form-control wpcf7-textarea wpcf7-validates-as-required input\" aria-required=\"true\" aria-invalid=\"false\" placeholder=\"Su Mensaje...\" name=\"infusionsoft-notes\"><\/textarea><\/span> <\/label>\n<\/p>\n<p><div id=\"cf7sr-69d12611927a6\" class=\"cf7sr-g-recaptcha\" data-theme=\"light\" data-type=\"image\" data-size=\"normal\" data-sitekey=\"6LcCf0UUAAAAACQXqDeaTu6WURXrjXbhdnML5nng\"><\/div><span class=\"wpcf7-form-control-wrap cf7sr-recaptcha\" data-name=\"cf7sr-recaptcha\"><input type=\"hidden\" name=\"cf7sr-recaptcha\" value=\"\" class=\"wpcf7-form-control\"><\/span>\n<\/p>\n<p><input class=\"wpcf7-form-control wpcf7-submit has-spinner wpcf7-submitportfolio\" type=\"submit\" value=\"Enviar\" \/>\n<\/p><div class=\"wpcf7-response-output\" aria-hidden=\"true\"><\/div>\n<\/form>\n<\/div>\n [\/et_pb_text][\/et_pb_column][\/et_pb_row][\/et_pb_section]<\/p>\n","protected":false},"excerpt":{"rendered":"<p><div class=\"et_pb_row et_pb_row_0 et_pb_row_empty\">\n\t\t\t\t\n\t\t\t\t\n\t\t\t\t\n\t\t\t\t\n\t\t\t\t\n\t\t\t<\/div> Instituto Ben Pensante y Parga Asociados son las entidades encargadas de organizar y promover las Certificaciones Internacionales de ICC en Espa\u00f1a. <div class=\"et_pb_row et_pb_row_1 et_pb_row_empty\">\n\t\t\t\t\n\t\t\t\t\n\t\t\t\t\n\t\t\t\t\n\t\t\t\t\n\t\t\t<\/div> Instituto Ben Pensante se funda para ofrecer crecimiento personal y profesional a todos aquellos que creen que el bienestar y el rendimiento se consiguen conjuntamente a partir del juego interno. Junto con [&hellip;]<\/p>\n","protected":false},"author":2,"featured_media":0,"parent":0,"menu_order":0,"comment_status":"closed","ping_status":"closed","template":"","meta":{"_acf_changed":false,"_et_pb_use_builder":"on","_et_pb_old_content":"[vc_row][vc_column][vc_column_text]\r\n<h2 style=\"text-align: center;\"><span style=\"color: #008bbb;\"><strong>Instituto Ben Pensante y Parga Asociados son las entidades encargadas de organizar y promover las Certificaciones Internacionales \u00a0de ICC en Espa\u00f1a.\u00a0<\/strong><\/span><\/h2>\r\n\u00a0\r\n<h5><span style=\"color: #000000;\">Instituto Ben Pensante se funda para ofrecer crecimiento personal y profesional a todos aquellos que creen que el bienestar y el rendimiento se consiguen conjuntamente a partir del juego interno.<\/span><\/h5>\r\n<h5><span style=\"color: #000000;\">Junto con Parga, su propuesta facilitar\u00a0a nuestra sociedad m\u00e1s horas de coaching y mentoring, haciendo que sea algo tan habitual como ir a un restaurante o como llevar la contabilidad, y, sobre todo, que se haga muy bien.<\/span><\/h5>\r\n\u00a0\r\n<h5><span style=\"color: #000000;\"><img class=\"aligncenter wp-image-1715\" src=\"http:\/\/countrysitespain.internationalcoachingcommunity.com\/wp-content\/uploads\/2017\/02\/entidades.png\" alt=\"\" width=\"361\" height=\"283\" \/><\/span><\/h5>\r\n<h5><\/h5>\r\n<h5><span style=\"color: #000000;\">\u00bfSu meta?\u00a0Conseguir que las empresas descubran el cambio de paradigma: cada persona es una fuente ilimitada de recursos y solo sobrevivir\u00e1n las empresas que potencien y canalicen TODO el talento de las personas que trabajan en ellas.<\/span><\/h5>\r\n<h5><span style=\"color: #000000;\">Hay multitud de personas deseando ser profesionales del coaching, que es exactamente lo que se necesita en la actual situaci\u00f3n econ\u00f3mica y social. Ambas organizaciones destacan por su implicaci\u00f3n\u00a0con ellos para que consigan resultados consistentes, ayudando a orientar\u00a0su capacidad de emprendimiento.<\/span><\/h5>\r\n<h5><span style=\"color: #000000;\">Ven el coaching y el mentoring como los medios de intervenci\u00f3n m\u00e1s seguros, siempre que se complemente con otras fuentes. El profesional del coaching debe proveerse de herramientas a partir, por ejemplo, de la teor\u00eda del Desarrollo Adulto o la PNL, y nutrirse de campos como lo Corporal, el Storytelling, el Teatro, el Arte,\u2026<\/span><\/h5>\r\n<h5><span style=\"color: #000000;\">Por eso,\u00a0seleccionan y ofrecen\u00a0las mejores metodolog\u00edas a nivel internacional, para que tambi\u00e9n puedan estar disponibles en nuestro pa\u00eds (en particular, del mundo anglosaj\u00f3n).<\/span><\/h5>\r\n<h4><\/h4>\r\n<blockquote>\r\n<h4><strong><span style=\"color: #008bbb;\">Puedes cambiar tu realidad, puedes ayudar a los dem\u00e1s. Hacerlo juntos har\u00e1 que lleguemos m\u00e1s all\u00e1 de donde ahora imaginas.<\/span><\/strong><\/h4>\r\n<\/blockquote>\r\n[\/vc_column_text][\/vc_column][\/vc_row]","_et_gb_content_width":"","footnotes":""},"class_list":["post-984","page","type-page","status-publish","hentry"],"acf":[],"_links":{"self":[{"href":"https:\/\/countrysitespain.internationalcoachingcommunity.com\/en\/wp-json\/wp\/v2\/pages\/984","targetHints":{"allow":["GET"]}}],"collection":[{"href":"https:\/\/countrysitespain.internationalcoachingcommunity.com\/en\/wp-json\/wp\/v2\/pages"}],"about":[{"href":"https:\/\/countrysitespain.internationalcoachingcommunity.com\/en\/wp-json\/wp\/v2\/types\/page"}],"author":[{"embeddable":true,"href":"https:\/\/countrysitespain.internationalcoachingcommunity.com\/en\/wp-json\/wp\/v2\/users\/2"}],"replies":[{"embeddable":true,"href":"https:\/\/countrysitespain.internationalcoachingcommunity.com\/en\/wp-json\/wp\/v2\/comments?post=984"}],"version-history":[{"count":16,"href":"https:\/\/countrysitespain.internationalcoachingcommunity.com\/en\/wp-json\/wp\/v2\/pages\/984\/revisions"}],"predecessor-version":[{"id":50876,"href":"https:\/\/countrysitespain.internationalcoachingcommunity.com\/en\/wp-json\/wp\/v2\/pages\/984\/revisions\/50876"}],"wp:attachment":[{"href":"https:\/\/countrysitespain.internationalcoachingcommunity.com\/en\/wp-json\/wp\/v2\/media?parent=984"}],"curies":[{"name":"wp","href":"https:\/\/api.w.org\/{rel}","templated":true}]}}